{"id":400069,"date":"2026-04-02T14:20:20","date_gmt":"2026-04-02T11:20:20","guid":{"rendered":"https:\/\/fifaa.ee\/?post_type=product&#038;p=400069"},"modified":"2026-04-02T14:38:26","modified_gmt":"2026-04-02T11:38:26","slug":"manhattan","status":"publish","type":"product","link":"https:\/\/fifaa.ee\/en\/product\/manhattan\/","title":{"rendered":"Manhattan"},"content":{"rendered":"<p>Polo shirt with ribbing at the hem and sleeves, and 2 knitted stripes at the collar. 3 tone-on-tone buttons add style and elegance.<\/p>","protected":false},"excerpt":{"rendered":"<p>Polos\u00e4rk, millel on soonik all\u00e4\u00e4res ja varrukatel, ning kraes 2 kootud triipu. 3 toon-toonis n\u00f6\u00f6pi lisavad stiili ja elegantsi.<\/p>","protected":false},"featured_media":400079,"template":"","meta":{"_acf_changed":false},"product_brand":[],"product_cat":[222,272],"product_tag":[659],"class_list":{"0":"post-400069","1":"product","2":"type-product","3":"status-publish","4":"has-post-thumbnail","6":"product_cat-sargid","7":"product_cat-polo","8":"product_tag-more-colors","9":"pa_brand-clique","10":"pa_suurus-xs","11":"pa_suurus-s","12":"pa_suurus-m","13":"pa_suurus-l","14":"pa_suurus-xl","15":"pa_suurus-xxl","16":"pa_suurus-3xl","17":"pa_suurus-4xl","18":"pa_suurus-5xl","19":"pa_varv-must","20":"pa_varv-punane","21":"pa_varv-sinine","22":"pa_varv-valge-new","24":"first","25":"instock","26":"taxable","27":"shipping-taxable","28":"purchasable","29":"product-type-variable","30":"has-default-attributes"},"acf":[],"_links":{"self":[{"href":"https:\/\/fifaa.ee\/en\/wp-json\/wp\/v2\/product\/400069","targetHints":{"allow":["GET"]}}],"collection":[{"href":"https:\/\/fifaa.ee\/en\/wp-json\/wp\/v2\/product"}],"about":[{"href":"https:\/\/fifaa.ee\/en\/wp-json\/wp\/v2\/types\/product"}],"wp:featuredmedia":[{"embeddable":true,"href":"https:\/\/fifaa.ee\/en\/wp-json\/wp\/v2\/media\/400079"}],"wp:attachment":[{"href":"https:\/\/fifaa.ee\/en\/wp-json\/wp\/v2\/media?parent=400069"}],"wp:term":[{"taxonomy":"product_brand","embeddable":true,"href":"https:\/\/fifaa.ee\/en\/wp-json\/wp\/v2\/product_brand?post=400069"},{"taxonomy":"product_cat","embeddable":true,"href":"https:\/\/fifaa.ee\/en\/wp-json\/wp\/v2\/product_cat?post=400069"},{"taxonomy":"product_tag","embeddable":true,"href":"https:\/\/fifaa.ee\/en\/wp-json\/wp\/v2\/product_tag?post=400069"}],"curies":[{"name":"wp","href":"https:\/\/api.w.org\/{rel}","templated":true}]}}