{"id":400543,"date":"2026-04-02T14:21:49","date_gmt":"2026-04-02T11:21:49","guid":{"rendered":"https:\/\/fifaa.ee\/?post_type=product&#038;p=400543"},"modified":"2026-04-02T14:38:25","modified_gmt":"2026-04-02T11:38:25","slug":"manhattan-women","status":"publish","type":"product","link":"https:\/\/fifaa.ee\/en\/product\/manhattan-women\/","title":{"rendered":"Manhattan Women"},"content":{"rendered":"<p>Polo shirt with ribbing at the hem and sleeves, and 2 knitted stripes at the collar. 3 tone-on-tone buttons add style and elegance.<\/p>","protected":false},"excerpt":{"rendered":"<p>Polos\u00e4rk, millel on soonik all\u00e4\u00e4res ja varrukatel, ning kraes 2 kootud triipu. 3 toon-toonis n\u00f6\u00f6pi lisavad stiili ja elegantsi.<\/p>","protected":false},"featured_media":400551,"template":"","meta":{"_acf_changed":false},"product_brand":[],"product_cat":[222,272],"product_tag":[659],"class_list":{"0":"post-400543","1":"product","2":"type-product","3":"status-publish","4":"has-post-thumbnail","6":"product_cat-sargid","7":"product_cat-polo","8":"product_tag-more-colors","9":"pa_brand-clique","10":"pa_suurus-xs","11":"pa_suurus-s","12":"pa_suurus-m","13":"pa_suurus-l","14":"pa_suurus-xl","15":"pa_suurus-xxl","16":"pa_suurus-3xl","17":"pa_varv-must","18":"pa_varv-punane","19":"pa_varv-sinine","20":"pa_varv-valge-new","22":"first","23":"instock","24":"taxable","25":"shipping-taxable","26":"purchasable","27":"product-type-variable","28":"has-default-attributes"},"acf":[],"_links":{"self":[{"href":"https:\/\/fifaa.ee\/en\/wp-json\/wp\/v2\/product\/400543","targetHints":{"allow":["GET"]}}],"collection":[{"href":"https:\/\/fifaa.ee\/en\/wp-json\/wp\/v2\/product"}],"about":[{"href":"https:\/\/fifaa.ee\/en\/wp-json\/wp\/v2\/types\/product"}],"wp:featuredmedia":[{"embeddable":true,"href":"https:\/\/fifaa.ee\/en\/wp-json\/wp\/v2\/media\/400551"}],"wp:attachment":[{"href":"https:\/\/fifaa.ee\/en\/wp-json\/wp\/v2\/media?parent=400543"}],"wp:term":[{"taxonomy":"product_brand","embeddable":true,"href":"https:\/\/fifaa.ee\/en\/wp-json\/wp\/v2\/product_brand?post=400543"},{"taxonomy":"product_cat","embeddable":true,"href":"https:\/\/fifaa.ee\/en\/wp-json\/wp\/v2\/product_cat?post=400543"},{"taxonomy":"product_tag","embeddable":true,"href":"https:\/\/fifaa.ee\/en\/wp-json\/wp\/v2\/product_tag?post=400543"}],"curies":[{"name":"wp","href":"https:\/\/api.w.org\/{rel}","templated":true}]}}