{"id":400649,"date":"2026-04-02T14:22:08","date_gmt":"2026-04-02T11:22:08","guid":{"rendered":"https:\/\/fifaa.ee\/?post_type=product&#038;p=400649"},"modified":"2026-04-02T14:38:25","modified_gmt":"2026-04-02T11:38:25","slug":"2-0-backpack","status":"publish","type":"product","link":"https:\/\/fifaa.ee\/en\/product\/2-0-backpack\/","title":{"rendered":"2.0 Backpack"},"content":{"rendered":"<p>H\u00e4sti l\u00e4bim\u00f5eldud disainiga funktsionaalne seljakott, mis sobib enamikuks juhtudeks. Kaks suurt sektsiooni, mis on eraldatud sisemise \u00fcmbrisega, et hoida s\u00fclearvuti kaitstuna. \u00dches lahtris on v\u00f5rgust taskud ja v\u00f5tmehoidja konks. \u00dclemine tasku pakub lihtsat juurdep\u00e4\u00e4su, samas kui peidetud tasku tagaosas saad hoida oma v\u00e4\u00e4rtasju turvaliselt. Tugev rihm tagak\u00fcljel v\u00f5imaldab kergesti kinnitada seljakoti pagasik\u00e4ru k\u00fclge. Helkurdetailid tagavad n\u00e4htavuse pimedas.<br \/>\nM\u00f5\u00f5dud ja maht: 45x31x20cm \u2013 28L.<\/p>","protected":false},"excerpt":{"rendered":"<p>H\u00e4sti l\u00e4bim\u00f5eldud disainiga funktsionaalne seljakott, mis sobib enamikuks juhtudeks. Kaks suurt sektsiooni, mis on eraldatud sisemise \u00fcmbrisega, et hoida s\u00fclearvuti kaitstuna. \u00dches lahtris on v\u00f5rgust taskud ja v\u00f5tmehoidja konks. \u00dclemine tasku pakub lihtsat juurdep\u00e4\u00e4su, samas kui peidetud tasku tagaosas saad hoida oma v\u00e4\u00e4rtasju turvaliselt. Tugev rihm tagak\u00fcljel v\u00f5imaldab kergesti kinnitada seljakoti pagasik\u00e4ru k\u00fclge. Helkurdetailid tagavad [&hellip;]<\/p>\n","protected":false},"featured_media":400681,"template":"","meta":{"_acf_changed":false},"product_brand":[],"product_cat":[232,573],"product_tag":[],"class_list":{"0":"post-400649","1":"product","2":"type-product","3":"status-publish","4":"has-post-thumbnail","6":"product_cat-kotid","7":"product_cat-seljakott","8":"pa_brand-clique","9":"pa_suurus-one-size","10":"pa_varv-must","12":"first","13":"instock","14":"taxable","15":"shipping-taxable","16":"purchasable","17":"product-type-variable","18":"has-default-attributes"},"acf":[],"_links":{"self":[{"href":"https:\/\/fifaa.ee\/en\/wp-json\/wp\/v2\/product\/400649","targetHints":{"allow":["GET"]}}],"collection":[{"href":"https:\/\/fifaa.ee\/en\/wp-json\/wp\/v2\/product"}],"about":[{"href":"https:\/\/fifaa.ee\/en\/wp-json\/wp\/v2\/types\/product"}],"wp:featuredmedia":[{"embeddable":true,"href":"https:\/\/fifaa.ee\/en\/wp-json\/wp\/v2\/media\/400681"}],"wp:attachment":[{"href":"https:\/\/fifaa.ee\/en\/wp-json\/wp\/v2\/media?parent=400649"}],"wp:term":[{"taxonomy":"product_brand","embeddable":true,"href":"https:\/\/fifaa.ee\/en\/wp-json\/wp\/v2\/product_brand?post=400649"},{"taxonomy":"product_cat","embeddable":true,"href":"https:\/\/fifaa.ee\/en\/wp-json\/wp\/v2\/product_cat?post=400649"},{"taxonomy":"product_tag","embeddable":true,"href":"https:\/\/fifaa.ee\/en\/wp-json\/wp\/v2\/product_tag?post=400649"}],"curies":[{"name":"wp","href":"https:\/\/api.w.org\/{rel}","templated":true}]}}