{"id":400689,"date":"2026-04-02T14:22:16","date_gmt":"2026-04-02T11:22:16","guid":{"rendered":"https:\/\/fifaa.ee\/?post_type=product&#038;p=400689"},"modified":"2026-04-02T14:38:25","modified_gmt":"2026-04-02T11:38:25","slug":"core-dry-active-comfort-ss-w","status":"publish","type":"product","link":"https:\/\/fifaa.ee\/en\/product\/core-dry-active-comfort-ss-w\/","title":{"rendered":"CORE Dry Active Comfort SS W"},"content":{"rendered":"<p>A functional base layer shirt that is perfect for almost any activity \u2013 from daily training to alpine skiing, hiking. This versatile and very comfortable base layer is made of polyester, recycled polyamide and polyamide, a soft and functional blend that provides both warmth and effective moisture transport. In addition, the shirt has few seams and a body-mapped structure that ensures better thermoregulation. If you are looking for just one base layer for all your training and physical activities, this is the right choice.<\/p>","protected":false},"excerpt":{"rendered":"<p>Funktsionaalne aluskihts\u00e4rk, mis sobib suurep\u00e4raselt pea igaks tegevuseks \u2013 igap\u00e4evastest treeningutest kuni alpim\u00e4esuusatamise, matkadeni. See mitmek\u00fclgne ja v\u00e4ga mugav aluskiht on valmistatud pol\u00fcestrist, taaskasutatud pol\u00fcamiidist ja pol\u00fcamiidist, pehmest ja funktsionaalsest segust, mis tagab nii soojust kui ka efektiivse niiskuse transportimise. Lisaks on s\u00e4rgil v\u00e4he \u00f5mblusi ja keha j\u00e4rgi kaardistatud struktuur, mis tagab parema termoregulatsiooni. Kui [&hellip;]<\/p>\n","protected":false},"featured_media":400717,"template":"","meta":{"_acf_changed":false},"product_brand":[],"product_cat":[222,259],"product_tag":[],"class_list":{"0":"post-400689","1":"product","2":"type-product","3":"status-publish","4":"has-post-thumbnail","6":"product_cat-sargid","7":"product_cat-spordisark","8":"pa_brand-craft","9":"pa_suurus-xs","10":"pa_suurus-s","11":"pa_suurus-m","12":"pa_suurus-l","13":"pa_suurus-xl","14":"pa_varv-must","16":"first","17":"instock","18":"taxable","19":"shipping-taxable","20":"purchasable","21":"product-type-variable","22":"has-default-attributes"},"acf":[],"_links":{"self":[{"href":"https:\/\/fifaa.ee\/en\/wp-json\/wp\/v2\/product\/400689","targetHints":{"allow":["GET"]}}],"collection":[{"href":"https:\/\/fifaa.ee\/en\/wp-json\/wp\/v2\/product"}],"about":[{"href":"https:\/\/fifaa.ee\/en\/wp-json\/wp\/v2\/types\/product"}],"wp:featuredmedia":[{"embeddable":true,"href":"https:\/\/fifaa.ee\/en\/wp-json\/wp\/v2\/media\/400717"}],"wp:attachment":[{"href":"https:\/\/fifaa.ee\/en\/wp-json\/wp\/v2\/media?parent=400689"}],"wp:term":[{"taxonomy":"product_brand","embeddable":true,"href":"https:\/\/fifaa.ee\/en\/wp-json\/wp\/v2\/product_brand?post=400689"},{"taxonomy":"product_cat","embeddable":true,"href":"https:\/\/fifaa.ee\/en\/wp-json\/wp\/v2\/product_cat?post=400689"},{"taxonomy":"product_tag","embeddable":true,"href":"https:\/\/fifaa.ee\/en\/wp-json\/wp\/v2\/product_tag?post=400689"}],"curies":[{"name":"wp","href":"https:\/\/api.w.org\/{rel}","templated":true}]}}