{"id":401193,"date":"2026-04-02T14:24:00","date_gmt":"2026-04-02T11:24:00","guid":{"rendered":"https:\/\/fifaa.ee\/?post_type=product&#038;p=401193"},"modified":"2026-04-02T14:38:25","modified_gmt":"2026-04-02T11:38:25","slug":"2-0-daypack","status":"publish","type":"product","link":"https:\/\/fifaa.ee\/en\/product\/2-0-daypack\/","title":{"rendered":"2.0 Daypack"},"content":{"rendered":"<p>Lightweight and flexible backpack for active everyday life. Three large compartments with additional zippered mesh pockets. The third compartment is accessed via a hidden zipper under the shoulder straps. Two functional, easy-to-access pockets - one on the top and one on the bottom. Two large mesh pockets on the sides with elastic straps and two smaller ones on the shoulder straps. The straps have a smart handle, sternum strap and waist strap that keep the backpack in place even during major movements. Reflective details ensure visibility in the dark.<br \/>\nDimensions and volume: 41x23x13cm \u2013 12L.<\/p>","protected":false},"excerpt":{"rendered":"<p>Kerge ja paindlik seljakott aktiivseks igap\u00e4evaeluks. Kolm suuremat sahtlit, millel on t\u00e4iendavad lukuga v\u00f5rktaskud. Kolmandasse sahtlisse p\u00e4\u00e4seb \u00f5larihmade all oleva peidetud t\u00f5mbluku kaudu. Kaks funktsionaalset, h\u00f5lpsasti ligip\u00e4\u00e4setavat taskut \u2013 \u00fcks \u00fclal ja teine alumisel k\u00fcljel. Kaks suurt v\u00f5rkkotti k\u00fclgedel elastsete rihmadega ja kaks v\u00e4iksemat \u00f5larihmadel. Rihmadel on nutikas k\u00e4epide, rinnaku rihm ja v\u00f6\u00f6rihm, mis hoiavad [&hellip;]<\/p>\n","protected":false},"featured_media":401199,"template":"","meta":{"_acf_changed":false},"product_brand":[],"product_cat":[232,573],"product_tag":[],"class_list":{"0":"post-401193","1":"product","2":"type-product","3":"status-publish","4":"has-post-thumbnail","6":"product_cat-kotid","7":"product_cat-seljakott","8":"pa_brand-clique","9":"pa_suurus-one-size","10":"pa_varv-must","12":"first","13":"instock","14":"taxable","15":"shipping-taxable","16":"purchasable","17":"product-type-variable","18":"has-default-attributes"},"acf":[],"_links":{"self":[{"href":"https:\/\/fifaa.ee\/en\/wp-json\/wp\/v2\/product\/401193","targetHints":{"allow":["GET"]}}],"collection":[{"href":"https:\/\/fifaa.ee\/en\/wp-json\/wp\/v2\/product"}],"about":[{"href":"https:\/\/fifaa.ee\/en\/wp-json\/wp\/v2\/types\/product"}],"wp:featuredmedia":[{"embeddable":true,"href":"https:\/\/fifaa.ee\/en\/wp-json\/wp\/v2\/media\/401199"}],"wp:attachment":[{"href":"https:\/\/fifaa.ee\/en\/wp-json\/wp\/v2\/media?parent=401193"}],"wp:term":[{"taxonomy":"product_brand","embeddable":true,"href":"https:\/\/fifaa.ee\/en\/wp-json\/wp\/v2\/product_brand?post=401193"},{"taxonomy":"product_cat","embeddable":true,"href":"https:\/\/fifaa.ee\/en\/wp-json\/wp\/v2\/product_cat?post=401193"},{"taxonomy":"product_tag","embeddable":true,"href":"https:\/\/fifaa.ee\/en\/wp-json\/wp\/v2\/product_tag?post=401193"}],"curies":[{"name":"wp","href":"https:\/\/api.w.org\/{rel}","templated":true}]}}