{"id":40159,"date":"2025-01-28T17:35:45","date_gmt":"2025-01-28T15:35:45","guid":{"rendered":"https:\/\/fifaa.ee\/?post_type=product&#038;p=40159"},"modified":"2026-04-01T20:31:17","modified_gmt":"2026-04-01T17:31:17","slug":"iqoniq-talung-taaskasutatud-poluestermikrofliisist-tomblukk-labi","status":"publish","type":"product","link":"https:\/\/fifaa.ee\/en\/product\/iqoniq-talung-taaskasutatud-poluestermikrofliisist-tomblukk-labi\/","title":{"rendered":"Iqoniq Talung Recycled Polyester Zipper Fleece"},"content":{"rendered":"<ul>\n<li>Unisex zipped fleece made from 100% recycled polyester. Grammage 240 G\/M\u00b2.<\/li>\n<li>The fleece has separate panels on the chest and neck, which offer a good opportunity to enrich the product with print or embroidery.<\/li>\n<li>All locks have lock extensions in matching colors.<\/li>\n<li>The product is well suited for wearing with layered clothing<\/li>\n<li>The use of recycled and organic fabric materials and thus a lower environmental impact is verified using AWARE\u2122 technology. By scanning the QR code on the product label, you can access a special digital passport for the product.<\/li>\n<li>2% from the proceeds of every product sold is donated to Water.org.<\/li>\n<li>This product is OEKO-TEX\u00ae STANDARD 100 certified.<\/li>\n<\/ul>","protected":false},"excerpt":{"rendered":"<p>Unisex lukuga fliis, mis on valmistatud 100% taaskasutatud pol\u00fcestrist. Grammkaal 240 G\/M\u00b2. Fliisil on rinnal ja kaelal eraldi paneelid, mis pakuvad head v\u00f5imalust toote rikastamiseks tr\u00fcki v\u00f5i tikandiga. K\u00f5ikidel lukkudel on sobivas v\u00e4rvitoonis lukupikendused. Toode sobib h\u00e4sti kihilise riietusega kandmiseks Taaskasutatud ja orgaaniliste kangamaterjalide kasutamine ja seel\u00e4bi v\u00e4iksem keskkonnam\u00f5ju on kontrollitav kasutades AWARE\u2122 tehnoloogiat. Toote [&hellip;]<\/p>\n","protected":false},"featured_media":40188,"template":"","meta":{"_acf_changed":false},"product_brand":[],"product_cat":[653],"product_tag":[659],"class_list":{"0":"post-40159","1":"product","2":"type-product","3":"status-publish","4":"has-post-thumbnail","6":"product_cat-fliisid","7":"product_tag-more-colors","8":"pa_suurus-4xl","9":"pa_suurus-5xl","10":"pa_suurus-l","11":"pa_suurus-m","12":"pa_suurus-s","13":"pa_suurus-xl","14":"pa_suurus-xs","15":"pa_suurus-xxl","16":"pa_suurus-xxs","17":"pa_suurus-xxxl","18":"pa_varv-hall","19":"pa_varv-must","20":"pa_varv-roheline","21":"pa_varv-sinine","23":"first","24":"instock","25":"taxable","26":"shipping-taxable","27":"purchasable","28":"product-type-variable","29":"has-default-attributes"},"acf":[],"_links":{"self":[{"href":"https:\/\/fifaa.ee\/en\/wp-json\/wp\/v2\/product\/40159","targetHints":{"allow":["GET"]}}],"collection":[{"href":"https:\/\/fifaa.ee\/en\/wp-json\/wp\/v2\/product"}],"about":[{"href":"https:\/\/fifaa.ee\/en\/wp-json\/wp\/v2\/types\/product"}],"wp:featuredmedia":[{"embeddable":true,"href":"https:\/\/fifaa.ee\/en\/wp-json\/wp\/v2\/media\/40188"}],"wp:attachment":[{"href":"https:\/\/fifaa.ee\/en\/wp-json\/wp\/v2\/media?parent=40159"}],"wp:term":[{"taxonomy":"product_brand","embeddable":true,"href":"https:\/\/fifaa.ee\/en\/wp-json\/wp\/v2\/product_brand?post=40159"},{"taxonomy":"product_cat","embeddable":true,"href":"https:\/\/fifaa.ee\/en\/wp-json\/wp\/v2\/product_cat?post=40159"},{"taxonomy":"product_tag","embeddable":true,"href":"https:\/\/fifaa.ee\/en\/wp-json\/wp\/v2\/product_tag?post=40159"}],"curies":[{"name":"wp","href":"https:\/\/api.w.org\/{rel}","templated":true}]}}