{"id":401850,"date":"2026-04-02T14:26:11","date_gmt":"2026-04-02T11:26:11","guid":{"rendered":"https:\/\/fifaa.ee\/?post_type=product&#038;p=401850"},"modified":"2026-04-02T14:38:24","modified_gmt":"2026-04-02T11:38:24","slug":"heavy-premium-polo","status":"publish","type":"product","link":"https:\/\/fifaa.ee\/en\/product\/heavy-premium-polo\/","title":{"rendered":"Heavy Premium Polo"},"content":{"rendered":"<p>The polo shirt is made of a strong and dense fabric, which gives it durability and quality. The polo is treated to prevent further shrinkage after washing, which ensures a stable size and shape. The slits on the sides make the polo more comfortable to put on and wear, adding freedom of movement and a stylish design. The men&#039;s polo shirt has 3 buttons in different shades, designed for peace of mind and style enhancement, while the women&#039;s polo shirt has 4 buttons, giving it a more delicate and refined look.<\/p>","protected":false},"excerpt":{"rendered":"<p>Polo s\u00e4rk on valmistatud tugevast ja tihedast kangast, mis annab sellele vastupidavuse ja kvaliteedi. Polo on t\u00f6\u00f6deldud, et v\u00e4ltida edasist kokkut\u00f5mbumist p\u00e4rast pesemist, mis tagab stabiilse suuruse ja vormi. K\u00fclgedel olevad l\u00f5hikud muudavad polo selga panemise ja kandmise mugavamaks, lisades liikumisvabadust ja stiilset disaini.Meeste polo s\u00e4rgil on 3 erinevas toonis n\u00f6\u00f6pi, mis on loodud meelerahuks [&hellip;]<\/p>\n","protected":false},"featured_media":401879,"template":"","meta":{"_acf_changed":false},"product_brand":[],"product_cat":[222,272],"product_tag":[659],"class_list":{"0":"post-401850","1":"product","2":"type-product","3":"status-publish","4":"has-post-thumbnail","6":"product_cat-sargid","7":"product_cat-polo","8":"product_tag-more-colors","9":"pa_brand-clique","10":"pa_suurus-xs","11":"pa_suurus-s","12":"pa_suurus-m","13":"pa_suurus-l","14":"pa_suurus-xl","15":"pa_suurus-xxl","16":"pa_suurus-3xl","17":"pa_suurus-4xl","18":"pa_varv-must","19":"pa_varv-punane","20":"pa_varv-sinine","21":"pa_varv-valge-new","23":"first","24":"instock","25":"taxable","26":"shipping-taxable","27":"purchasable","28":"product-type-variable","29":"has-default-attributes"},"acf":[],"_links":{"self":[{"href":"https:\/\/fifaa.ee\/en\/wp-json\/wp\/v2\/product\/401850","targetHints":{"allow":["GET"]}}],"collection":[{"href":"https:\/\/fifaa.ee\/en\/wp-json\/wp\/v2\/product"}],"about":[{"href":"https:\/\/fifaa.ee\/en\/wp-json\/wp\/v2\/types\/product"}],"wp:featuredmedia":[{"embeddable":true,"href":"https:\/\/fifaa.ee\/en\/wp-json\/wp\/v2\/media\/401879"}],"wp:attachment":[{"href":"https:\/\/fifaa.ee\/en\/wp-json\/wp\/v2\/media?parent=401850"}],"wp:term":[{"taxonomy":"product_brand","embeddable":true,"href":"https:\/\/fifaa.ee\/en\/wp-json\/wp\/v2\/product_brand?post=401850"},{"taxonomy":"product_cat","embeddable":true,"href":"https:\/\/fifaa.ee\/en\/wp-json\/wp\/v2\/product_cat?post=401850"},{"taxonomy":"product_tag","embeddable":true,"href":"https:\/\/fifaa.ee\/en\/wp-json\/wp\/v2\/product_tag?post=401850"}],"curies":[{"name":"wp","href":"https:\/\/api.w.org\/{rel}","templated":true}]}}