{"id":401926,"date":"2026-04-02T14:26:26","date_gmt":"2026-04-02T11:26:26","guid":{"rendered":"https:\/\/fifaa.ee\/?post_type=product&#038;p=401926"},"modified":"2026-04-02T14:38:24","modified_gmt":"2026-04-02T11:38:24","slug":"2-0-travel-bag-small","status":"publish","type":"product","link":"https:\/\/fifaa.ee\/en\/product\/2-0-travel-bag-small\/","title":{"rendered":"2.0 Travel Bag Small"},"content":{"rendered":"<p>The ideal smaller sports bag for a weekend trip. The main compartment is accessed via a u-shaped zipper, making packing quick and easy. Inside there is a hanging zippered pocket and a key hook. Strong, removable shoulder strap with a shoulder pad that has a business card slot. The handles are connected with a padded Velcro strap. The bag has one pocket on each side, one shoe\/towel compartment and one mesh pocket. There are zippered pockets on the back and front. Dimensions: 46x25x25 cm, volume: 29L.<\/p>","protected":false},"excerpt":{"rendered":"<p>Ideaalne v\u00e4iksem spordikott n\u00e4dalavahetuse reisiks. P\u00f5hisahtlisse p\u00e4\u00e4seb u-kujulise t\u00f5mblukuga, mis muudab pakkimise lihtsaks ja kiireks. Siseosas on rippuv lukuga tasku ja v\u00f5tmehoidja konks. Tugev, \u00e4rav\u00f5etav \u00f5larihm \u00f5lapadjaga, millel on visiitkaardipilu. K\u00e4epidemed on \u00fchendatud polsterdatud takjapaelaga. Kotil on m\u00f5lemal k\u00fcljel \u00fcks tasku, \u00fcks kinga\/r\u00e4tiku sahtel ja \u00fcks v\u00f5rktasku. Taga- ja esik\u00fcljel on lukuga taskud. M\u00f5\u00f5dud: 46x25x25 [&hellip;]<\/p>\n","protected":false},"featured_media":401936,"template":"","meta":{"_acf_changed":false},"product_brand":[],"product_cat":[232,645],"product_tag":[],"class_list":{"0":"post-401926","1":"product","2":"type-product","3":"status-publish","4":"has-post-thumbnail","6":"product_cat-kotid","7":"product_cat-spordikott","8":"pa_brand-clique","9":"pa_suurus-one-size","10":"pa_varv-must","12":"first","13":"instock","14":"taxable","15":"shipping-taxable","16":"purchasable","17":"product-type-variable","18":"has-default-attributes"},"acf":[],"_links":{"self":[{"href":"https:\/\/fifaa.ee\/en\/wp-json\/wp\/v2\/product\/401926","targetHints":{"allow":["GET"]}}],"collection":[{"href":"https:\/\/fifaa.ee\/en\/wp-json\/wp\/v2\/product"}],"about":[{"href":"https:\/\/fifaa.ee\/en\/wp-json\/wp\/v2\/types\/product"}],"wp:featuredmedia":[{"embeddable":true,"href":"https:\/\/fifaa.ee\/en\/wp-json\/wp\/v2\/media\/401936"}],"wp:attachment":[{"href":"https:\/\/fifaa.ee\/en\/wp-json\/wp\/v2\/media?parent=401926"}],"wp:term":[{"taxonomy":"product_brand","embeddable":true,"href":"https:\/\/fifaa.ee\/en\/wp-json\/wp\/v2\/product_brand?post=401926"},{"taxonomy":"product_cat","embeddable":true,"href":"https:\/\/fifaa.ee\/en\/wp-json\/wp\/v2\/product_cat?post=401926"},{"taxonomy":"product_tag","embeddable":true,"href":"https:\/\/fifaa.ee\/en\/wp-json\/wp\/v2\/product_tag?post=401926"}],"curies":[{"name":"wp","href":"https:\/\/api.w.org\/{rel}","templated":true}]}}