{"id":402184,"date":"2026-04-02T14:27:29","date_gmt":"2026-04-02T11:27:29","guid":{"rendered":"https:\/\/fifaa.ee\/?post_type=product&#038;p=402184"},"modified":"2026-04-02T14:38:24","modified_gmt":"2026-04-02T11:38:24","slug":"2-0-travel-bag-medium","status":"publish","type":"product","link":"https:\/\/fifaa.ee\/en\/product\/2-0-travel-bag-medium\/","title":{"rendered":"2.0 Travel Bag Medium"},"content":{"rendered":"<p>The main compartment is accessed via a u-shaped zipper, making packing quick and easy. Inside there is a zippered organizer pocket and a mesh pocket with a key hook. A strong, removable shoulder strap with a shoulder pad and a business card slot ensures comfort and practicality. The handles are connected with a padded Velcro strap for extra comfort. The bag has two additional handles on the side, making it easy to carry from any direction. There are pockets on both sides, including a ventilated shoe or towel compartment. There are zippered pockets on the back and front. Dimensions and capacity: 53x31x28 cm, capacity: 46L.<\/p>","protected":false},"excerpt":{"rendered":"<p>P\u00f5hisahtlisse p\u00e4\u00e4seb u-kujulise t\u00f5mblukuga, mis muudab pakkimise lihtsaks ja kiireks. Sees on lukuga korraldustasku ja v\u00f5rktasku v\u00f5tmehoidja konksuga. Tugev, \u00e4rav\u00f5etav \u00f5larihm \u00f5lapadjaga, millel on visiitkaardipilu, tagab mugavuse ja praktilisuse. K\u00e4epidemed \u00fchendatakse polsterdatud takjapaelaga, et pakkuda lisamugavust. Kotil on kaks lisak\u00e4epidet k\u00fcljel, mis muudavad selle kandmise igast suunast lihtsaks. M\u00f5lemal k\u00fcljel on taskud, sealhulgas ventileeritav kinga- [&hellip;]<\/p>\n","protected":false},"featured_media":402204,"template":"","meta":{"_acf_changed":false},"product_brand":[],"product_cat":[232,645],"product_tag":[],"class_list":{"0":"post-402184","1":"product","2":"type-product","3":"status-publish","4":"has-post-thumbnail","6":"product_cat-kotid","7":"product_cat-spordikott","8":"pa_brand-clique","9":"pa_suurus-one-size","10":"pa_varv-must","12":"first","13":"instock","14":"taxable","15":"shipping-taxable","16":"purchasable","17":"product-type-variable","18":"has-default-attributes"},"acf":[],"_links":{"self":[{"href":"https:\/\/fifaa.ee\/en\/wp-json\/wp\/v2\/product\/402184","targetHints":{"allow":["GET"]}}],"collection":[{"href":"https:\/\/fifaa.ee\/en\/wp-json\/wp\/v2\/product"}],"about":[{"href":"https:\/\/fifaa.ee\/en\/wp-json\/wp\/v2\/types\/product"}],"wp:featuredmedia":[{"embeddable":true,"href":"https:\/\/fifaa.ee\/en\/wp-json\/wp\/v2\/media\/402204"}],"wp:attachment":[{"href":"https:\/\/fifaa.ee\/en\/wp-json\/wp\/v2\/media?parent=402184"}],"wp:term":[{"taxonomy":"product_brand","embeddable":true,"href":"https:\/\/fifaa.ee\/en\/wp-json\/wp\/v2\/product_brand?post=402184"},{"taxonomy":"product_cat","embeddable":true,"href":"https:\/\/fifaa.ee\/en\/wp-json\/wp\/v2\/product_cat?post=402184"},{"taxonomy":"product_tag","embeddable":true,"href":"https:\/\/fifaa.ee\/en\/wp-json\/wp\/v2\/product_tag?post=402184"}],"curies":[{"name":"wp","href":"https:\/\/api.w.org\/{rel}","templated":true}]}}