{"id":402262,"date":"2026-04-02T14:27:43","date_gmt":"2026-04-02T11:27:43","guid":{"rendered":"https:\/\/fifaa.ee\/?post_type=product&#038;p=402262"},"modified":"2026-04-02T14:38:23","modified_gmt":"2026-04-02T11:38:23","slug":"adv-join-long-hoodie-w","status":"publish","type":"product","link":"https:\/\/fifaa.ee\/en\/product\/adv-join-long-hoodie-w\/","title":{"rendered":"ADV Join Long Hoodie W"},"content":{"rendered":"<p>An extremely comfortable hoodie with a modern look, designed for everyday wear.<\/p>\n<p>This comfortable and stylish hoodie is made from a high-quality fabric with a smooth cotton exterior and a soft polyester interior. The result is a very comfortable hoodie that shines during everyday activities as well as on the way to the gym or yoga studio. The hoodie is slightly oversized, with long shoulders and a dropped shoulder cut, which highlights the casual style. In addition, the hoodie has 8-inch side slits, a kangaroo pocket and an adjustable hood. The embroidered logo on the front adds a premium look and feel to the product.<\/p>","protected":false},"excerpt":{"rendered":"<p>\u00c4\u00e4rmiselt mugav kapuutsiga pusa, millel on t\u00e4nap\u00e4evane v\u00e4limus, m\u00f5eldud igap\u00e4evaseks kandmiseks. See mugav ja stiilne kapuutsiga pusa on valmistatud kvaliteetsest kangast, millel on sile puuvillane v\u00e4limus ja pehme pol\u00fcester sisek\u00fclg. Tulemuseks on v\u00e4ga mugav pusa, mis s\u00e4rab nii igap\u00e4evaste tegevuste k\u00e4igus kui ka teel j\u00f5usaali v\u00f5i joogastuudiosse. Kapuuts on veidi oversize, pikkade \u00f5lavartega ja langetatud [&hellip;]<\/p>\n","protected":false},"featured_media":402281,"template":"","meta":{"_acf_changed":false},"product_brand":[],"product_cat":[227,311],"product_tag":[659],"class_list":{"0":"post-402262","1":"product","2":"type-product","3":"status-publish","4":"has-post-thumbnail","6":"product_cat-pusad","7":"product_cat-kapuutsiga-pusa","8":"product_tag-more-colors","9":"pa_brand-craft","10":"pa_suurus-xs","11":"pa_suurus-s","12":"pa_suurus-m","13":"pa_suurus-l","14":"pa_suurus-xl","15":"pa_suurus-xxl","16":"pa_varv-must","18":"first","19":"instock","20":"taxable","21":"shipping-taxable","22":"purchasable","23":"product-type-variable","24":"has-default-attributes"},"acf":[],"_links":{"self":[{"href":"https:\/\/fifaa.ee\/en\/wp-json\/wp\/v2\/product\/402262","targetHints":{"allow":["GET"]}}],"collection":[{"href":"https:\/\/fifaa.ee\/en\/wp-json\/wp\/v2\/product"}],"about":[{"href":"https:\/\/fifaa.ee\/en\/wp-json\/wp\/v2\/types\/product"}],"wp:featuredmedia":[{"embeddable":true,"href":"https:\/\/fifaa.ee\/en\/wp-json\/wp\/v2\/media\/402281"}],"wp:attachment":[{"href":"https:\/\/fifaa.ee\/en\/wp-json\/wp\/v2\/media?parent=402262"}],"wp:term":[{"taxonomy":"product_brand","embeddable":true,"href":"https:\/\/fifaa.ee\/en\/wp-json\/wp\/v2\/product_brand?post=402262"},{"taxonomy":"product_cat","embeddable":true,"href":"https:\/\/fifaa.ee\/en\/wp-json\/wp\/v2\/product_cat?post=402262"},{"taxonomy":"product_tag","embeddable":true,"href":"https:\/\/fifaa.ee\/en\/wp-json\/wp\/v2\/product_tag?post=402262"}],"curies":[{"name":"wp","href":"https:\/\/api.w.org\/{rel}","templated":true}]}}