{"id":40234,"date":"2025-01-28T17:36:27","date_gmt":"2025-01-28T15:36:27","guid":{"rendered":"https:\/\/fifaa.ee\/?post_type=product&#038;p=40234"},"modified":"2026-04-01T20:33:45","modified_gmt":"2026-04-01T17:33:45","slug":"iqoniq-logani-taaskasutatud-poluestrist-kerge-jakk","status":"publish","type":"product","link":"https:\/\/fifaa.ee\/en\/product\/iqoniq-logani-taaskasutatud-poluestrist-kerge-jakk\/","title":{"rendered":"Iqoniq Logan recycled polyester lightweight jacket"},"content":{"rendered":"<ul>\n<li>Unisex lightweight jacket made of 100% recycled polyester. Grammage 70 G\/M\u00b2.<\/li>\n<li>The jacket has an adjustable hood with an elastic cord, a front zipper and welt pockets. The cuffs are elastic. The back of the jacket is slightly longer and curved, and the hem has an elastic cord and stoppers to better keep the back warm.<\/li>\n<li>The use of genuine recycled fabric materials and environmental claims are guaranteed using AWARE\u2122 technology. By scanning the QR code on the product label, you can access a special digital passport for the product.<\/li>\n<li>2% from the proceeds of every product sold is donated to Water.org.<\/li>\n<li>This product is OEKO-TEX\u00ae STANDARD 100 certified.<\/li>\n<\/ul>","protected":false},"excerpt":{"rendered":"<p>Unisex kerge jope, mis on valmistatud 100% taaskasutatud pol\u00fcestrist. Grammkaal 70 G\/M\u00b2. Jopel on reguleeritav elastse n\u00f6\u00f6riga kapuuts, ees t\u00f5mblukk ja \u00f5mblustega taskud. K\u00e4iste otsad on elastsed. Jope seljaosa veidi pikem ja kumer ning all\u00e4\u00e4res on elastne n\u00f6\u00f6r ja stopperid paremaks selja soojas hoidmiseks. Ehtsate ringlussev\u00f5etud kangamaterjalide kasutamine ja keskkonnam\u00f5ju v\u00e4ited on tagatud kasutades AWARE\u2122 [&hellip;]<\/p>\n","protected":false},"featured_media":40257,"template":"","meta":{"_acf_changed":false},"product_brand":[],"product_cat":[306],"product_tag":[659],"class_list":{"0":"post-40234","1":"product","2":"type-product","3":"status-publish","4":"has-post-thumbnail","6":"product_cat-jope","7":"product_tag-more-colors","8":"pa_suurus-4xl","9":"pa_suurus-5xl","10":"pa_suurus-l","11":"pa_suurus-m","12":"pa_suurus-s","13":"pa_suurus-xl","14":"pa_suurus-xs","15":"pa_suurus-xxl","16":"pa_suurus-xxs","17":"pa_suurus-xxxl","18":"pa_varv-beez","19":"pa_varv-hall","20":"pa_varv-must","21":"pa_varv-roheline","22":"pa_varv-sinine","24":"first","25":"instock","26":"taxable","27":"shipping-taxable","28":"purchasable","29":"product-type-variable","30":"has-default-attributes"},"acf":[],"_links":{"self":[{"href":"https:\/\/fifaa.ee\/en\/wp-json\/wp\/v2\/product\/40234","targetHints":{"allow":["GET"]}}],"collection":[{"href":"https:\/\/fifaa.ee\/en\/wp-json\/wp\/v2\/product"}],"about":[{"href":"https:\/\/fifaa.ee\/en\/wp-json\/wp\/v2\/types\/product"}],"wp:featuredmedia":[{"embeddable":true,"href":"https:\/\/fifaa.ee\/en\/wp-json\/wp\/v2\/media\/40257"}],"wp:attachment":[{"href":"https:\/\/fifaa.ee\/en\/wp-json\/wp\/v2\/media?parent=40234"}],"wp:term":[{"taxonomy":"product_brand","embeddable":true,"href":"https:\/\/fifaa.ee\/en\/wp-json\/wp\/v2\/product_brand?post=40234"},{"taxonomy":"product_cat","embeddable":true,"href":"https:\/\/fifaa.ee\/en\/wp-json\/wp\/v2\/product_cat?post=40234"},{"taxonomy":"product_tag","embeddable":true,"href":"https:\/\/fifaa.ee\/en\/wp-json\/wp\/v2\/product_tag?post=40234"}],"curies":[{"name":"wp","href":"https:\/\/api.w.org\/{rel}","templated":true}]}}