{"id":402442,"date":"2026-04-02T14:28:15","date_gmt":"2026-04-02T11:28:15","guid":{"rendered":"https:\/\/fifaa.ee\/?post_type=product&#038;p=402442"},"modified":"2026-04-02T14:38:23","modified_gmt":"2026-04-02T11:38:23","slug":"ice-sport-t","status":"publish","type":"product","link":"https:\/\/fifaa.ee\/en\/product\/ice-sport-t\/","title":{"rendered":"Ice Sport-T"},"content":{"rendered":"<p>Unisex sports shirt made of polyester, with the back of the shirt cut slightly rounded or slanted, giving it a stylish and modern cut, which can provide better fit and comfort, the edges of the neck are heavily finished with special tape to give it a clean and smooth look and extend the durability and comfort of the neck when worn. This helps prevent the neck from deforming when washed or worn. There are no side seams, providing a comfortable and stylish cut. Contrasting side seams and contrasting zipper seams on the shoulders add a modern and distinctive look to the shirt.<\/p>","protected":false},"excerpt":{"rendered":"<p>Unisex spordis\u00e4rk pol\u00fcestrist, millel on s\u00e4rgi tagaosa on l\u00f5igatud veidi \u00fcmmarguseks v\u00f5i kaldu, andes sellele stiilse ja modernse l\u00f5ike, mis v\u00f5ib pakkuda paremat sobivust ja mugavust, kaelaosa \u00e4\u00e4red on tugevalt viimistletud spetsiaalse teibiga, et anda sellele puhas ja sile v\u00e4limus ning pikendada kaelaosa vastupidavust ja mugavust kandmisel. See aitab v\u00e4ltida kaeluse deformeerumist pesemisel v\u00f5i kandmisel. [&hellip;]<\/p>\n","protected":false},"featured_media":402445,"template":"","meta":{"_acf_changed":false},"product_brand":[],"product_cat":[222,259],"product_tag":[659],"class_list":{"0":"post-402442","1":"product","2":"type-product","3":"status-publish","4":"has-post-thumbnail","6":"product_cat-sargid","7":"product_cat-spordisark","8":"product_tag-more-colors","9":"pa_brand-clique","10":"pa_suurus-xs","11":"pa_suurus-s","12":"pa_suurus-m","13":"pa_suurus-l","14":"pa_suurus-xl","15":"pa_suurus-xxl","16":"pa_varv-sinine","18":"first","19":"instock","20":"taxable","21":"shipping-taxable","22":"purchasable","23":"product-type-variable","24":"has-default-attributes"},"acf":[],"_links":{"self":[{"href":"https:\/\/fifaa.ee\/en\/wp-json\/wp\/v2\/product\/402442","targetHints":{"allow":["GET"]}}],"collection":[{"href":"https:\/\/fifaa.ee\/en\/wp-json\/wp\/v2\/product"}],"about":[{"href":"https:\/\/fifaa.ee\/en\/wp-json\/wp\/v2\/types\/product"}],"wp:featuredmedia":[{"embeddable":true,"href":"https:\/\/fifaa.ee\/en\/wp-json\/wp\/v2\/media\/402445"}],"wp:attachment":[{"href":"https:\/\/fifaa.ee\/en\/wp-json\/wp\/v2\/media?parent=402442"}],"wp:term":[{"taxonomy":"product_brand","embeddable":true,"href":"https:\/\/fifaa.ee\/en\/wp-json\/wp\/v2\/product_brand?post=402442"},{"taxonomy":"product_cat","embeddable":true,"href":"https:\/\/fifaa.ee\/en\/wp-json\/wp\/v2\/product_cat?post=402442"},{"taxonomy":"product_tag","embeddable":true,"href":"https:\/\/fifaa.ee\/en\/wp-json\/wp\/v2\/product_tag?post=402442"}],"curies":[{"name":"wp","href":"https:\/\/api.w.org\/{rel}","templated":true}]}}