{"id":402666,"date":"2026-04-02T14:29:09","date_gmt":"2026-04-02T11:29:09","guid":{"rendered":"https:\/\/fifaa.ee\/?post_type=product&#038;p=402666"},"modified":"2026-04-02T14:38:23","modified_gmt":"2026-04-02T11:38:23","slug":"pittsford-women","status":"publish","type":"product","link":"https:\/\/fifaa.ee\/en\/product\/pittsford-women\/","title":{"rendered":"Pittsford Women"},"content":{"rendered":"<p>Modern multi-coloured polo shirt with contrasting details, made of 100% cotton. Three-button placket, woven fabric at the base of the collar. The polo shirt is equipped with side slits and a reinforced collar. Comes with an easily removable label for rebranding. The garment is pre-shrunk and treated with enzymes, ensuring comfort and quality.<\/p>","protected":false},"excerpt":{"rendered":"<p>Moodne mitmev\u00e4rviline polo kontrastsete detailidega, valmistatud 100% puuvillast. Kolme n\u00f6\u00f6biga, kootud kangas kraealusel. Polo on varustatud k\u00fcljel l\u00f5hede ja tugevdatud kaelusega. Kaasas kergesti eemaldatav etikett kaubam\u00e4rgi muutmiseks. R\u00f5ivas on eelnevalt kokkut\u00f5mmatud ja t\u00f6\u00f6deldud ens\u00fc\u00fcmidega, tagades mugavuse ja kvaliteedi.<\/p>","protected":false},"featured_media":402687,"template":"","meta":{"_acf_changed":false},"product_brand":[],"product_cat":[222,272],"product_tag":[659],"class_list":{"0":"post-402666","1":"product","2":"type-product","3":"status-publish","4":"has-post-thumbnail","6":"product_cat-sargid","7":"product_cat-polo","8":"product_tag-more-colors","9":"pa_brand-clique","10":"pa_suurus-xs","11":"pa_suurus-s","12":"pa_suurus-m","13":"pa_suurus-l","14":"pa_suurus-xl","15":"pa_suurus-xxl","16":"pa_varv-valge-new","18":"first","19":"instock","20":"taxable","21":"shipping-taxable","22":"purchasable","23":"product-type-variable","24":"has-default-attributes"},"acf":[],"_links":{"self":[{"href":"https:\/\/fifaa.ee\/en\/wp-json\/wp\/v2\/product\/402666","targetHints":{"allow":["GET"]}}],"collection":[{"href":"https:\/\/fifaa.ee\/en\/wp-json\/wp\/v2\/product"}],"about":[{"href":"https:\/\/fifaa.ee\/en\/wp-json\/wp\/v2\/types\/product"}],"wp:featuredmedia":[{"embeddable":true,"href":"https:\/\/fifaa.ee\/en\/wp-json\/wp\/v2\/media\/402687"}],"wp:attachment":[{"href":"https:\/\/fifaa.ee\/en\/wp-json\/wp\/v2\/media?parent=402666"}],"wp:term":[{"taxonomy":"product_brand","embeddable":true,"href":"https:\/\/fifaa.ee\/en\/wp-json\/wp\/v2\/product_brand?post=402666"},{"taxonomy":"product_cat","embeddable":true,"href":"https:\/\/fifaa.ee\/en\/wp-json\/wp\/v2\/product_cat?post=402666"},{"taxonomy":"product_tag","embeddable":true,"href":"https:\/\/fifaa.ee\/en\/wp-json\/wp\/v2\/product_tag?post=402666"}],"curies":[{"name":"wp","href":"https:\/\/api.w.org\/{rel}","templated":true}]}}