{"id":402781,"date":"2026-04-02T14:29:30","date_gmt":"2026-04-02T11:29:30","guid":{"rendered":"https:\/\/fifaa.ee\/?post_type=product&#038;p=402781"},"modified":"2026-04-02T14:38:23","modified_gmt":"2026-04-02T11:38:23","slug":"hedley-stretch-shirt-men","status":"publish","type":"product","link":"https:\/\/fifaa.ee\/en\/product\/hedley-stretch-shirt-men\/","title":{"rendered":"Hedley Stretch Shirt Men"},"content":{"rendered":"<p>The Hedley Stretch shirt is designed with excellent stretch, ensuring exceptional versatility, suitable for everyday wear both for leisure and work. Featuring excellent front quality and an additional layer of fabric at the cuffs and collar for added durability. The women&#039;s style is slightly oversized to create a modern look.<\/p>","protected":false},"excerpt":{"rendered":"<p>Hedley Stretch s\u00e4rk on loodud suurep\u00e4rase venivusega, tagades erakordse mitmek\u00fclgsuse, mis sobib igap\u00e4evaseks kandmiseks nii vabal ajal kui ka t\u00f6\u00f6l. Millel on suurep\u00e4rane esiosa kvaliteet ning t\u00e4iendav kangakiht mansettide ja krae juures, mis lisab vastupidavust. Naiste stiil on veidi oversized, et luua moodne v\u00e4limus.<\/p>","protected":false},"featured_media":402809,"template":"","meta":{"_acf_changed":false},"product_brand":[],"product_cat":[738,222],"product_tag":[659],"class_list":{"0":"post-402781","1":"product","2":"type-product","3":"status-publish","4":"has-post-thumbnail","6":"product_cat-kraega-sark","7":"product_cat-sargid","8":"product_tag-more-colors","9":"pa_brand-cutter-buck","10":"pa_suurus-s","11":"pa_suurus-m","12":"pa_suurus-l","13":"pa_suurus-xl","14":"pa_suurus-xxl","15":"pa_suurus-3xl","16":"pa_suurus-4xl","17":"pa_varv-must","18":"pa_varv-valge-new","20":"first","21":"instock","22":"taxable","23":"shipping-taxable","24":"purchasable","25":"product-type-variable","26":"has-default-attributes"},"acf":[],"_links":{"self":[{"href":"https:\/\/fifaa.ee\/en\/wp-json\/wp\/v2\/product\/402781","targetHints":{"allow":["GET"]}}],"collection":[{"href":"https:\/\/fifaa.ee\/en\/wp-json\/wp\/v2\/product"}],"about":[{"href":"https:\/\/fifaa.ee\/en\/wp-json\/wp\/v2\/types\/product"}],"wp:featuredmedia":[{"embeddable":true,"href":"https:\/\/fifaa.ee\/en\/wp-json\/wp\/v2\/media\/402809"}],"wp:attachment":[{"href":"https:\/\/fifaa.ee\/en\/wp-json\/wp\/v2\/media?parent=402781"}],"wp:term":[{"taxonomy":"product_brand","embeddable":true,"href":"https:\/\/fifaa.ee\/en\/wp-json\/wp\/v2\/product_brand?post=402781"},{"taxonomy":"product_cat","embeddable":true,"href":"https:\/\/fifaa.ee\/en\/wp-json\/wp\/v2\/product_cat?post=402781"},{"taxonomy":"product_tag","embeddable":true,"href":"https:\/\/fifaa.ee\/en\/wp-json\/wp\/v2\/product_tag?post=402781"}],"curies":[{"name":"wp","href":"https:\/\/api.w.org\/{rel}","templated":true}]}}