{"id":40309,"date":"2025-01-28T17:37:15","date_gmt":"2025-01-28T15:37:15","guid":{"rendered":"https:\/\/fifaa.ee\/?post_type=product&#038;p=40309"},"modified":"2026-04-01T20:34:29","modified_gmt":"2026-04-01T17:34:29","slug":"iqoniq-diran-taaskasutatud-poluestrist-kuhjaga-fliisjakk","status":"publish","type":"product","link":"https:\/\/fifaa.ee\/en\/product\/iqoniq-diran-taaskasutatud-poluestrist-kuhjaga-fliisjakk\/","title":{"rendered":"Iqoniq Diran Recycled Polyester Fleece Jacket"},"content":{"rendered":"<ul>\n<li>Unisex fleece zip-up jacket made from 100% recycled polyester. Grammage 320 G\/M\u00b2.<\/li>\n<li>The jacket has a knitted zippered chest pocket, which offers a good opportunity for decoration.<\/li>\n<li>All locks have lock extensions in matching colors.<\/li>\n<li>The use of recycled and organic fabric materials and thus a lower environmental impact is verified using AWARE\u2122 technology. By scanning the QR code on the product label, you can access a special digital passport for the product.<\/li>\n<li>2% from the proceeds of every product sold is donated to Water.org.<\/li>\n<li>This product is OEKO-TEX\u00ae STANDARD 100 certified.<\/li>\n<\/ul>","protected":false},"excerpt":{"rendered":"<p>Unisex fliisist lukuga jope, mis on valmistatud 100% taaskasutatud pol\u00fcestrist. Grammkaal 320 G\/M\u00b2. Jopel on kootud lukuga rinnatasku, mis pakub head v\u00f5imalust kaunistamiseks. K\u00f5ikidel lukkudel on sobivas v\u00e4rvitoonis lukupikendused. Taaskasutatud ja orgaaniliste kangamaterjalide kasutamine ja seel\u00e4bi v\u00e4iksem keskkonnam\u00f5ju on kontrollitav kasutades AWARE\u2122 tehnoloogiat. Toote sildil olevat QR-koodi skannides saate juurdep\u00e4\u00e4su toote spetsiaalsele digitaalsele passile. 2% [&hellip;]<\/p>\n","protected":false},"featured_media":40344,"template":"","meta":{"_acf_changed":false},"product_brand":[],"product_cat":[653],"product_tag":[659],"class_list":{"0":"post-40309","1":"product","2":"type-product","3":"status-publish","4":"has-post-thumbnail","6":"product_cat-fliisid","7":"product_tag-more-colors","8":"pa_suurus-l","9":"pa_suurus-m","10":"pa_suurus-s","11":"pa_suurus-xl","12":"pa_suurus-xs","13":"pa_suurus-xxl","14":"pa_suurus-xxs","15":"pa_suurus-xxxl","16":"pa_varv-must","17":"pa_varv-valge-new","19":"first","20":"instock","21":"taxable","22":"shipping-taxable","23":"purchasable","24":"product-type-variable","25":"has-default-attributes"},"acf":[],"_links":{"self":[{"href":"https:\/\/fifaa.ee\/en\/wp-json\/wp\/v2\/product\/40309","targetHints":{"allow":["GET"]}}],"collection":[{"href":"https:\/\/fifaa.ee\/en\/wp-json\/wp\/v2\/product"}],"about":[{"href":"https:\/\/fifaa.ee\/en\/wp-json\/wp\/v2\/types\/product"}],"wp:featuredmedia":[{"embeddable":true,"href":"https:\/\/fifaa.ee\/en\/wp-json\/wp\/v2\/media\/40344"}],"wp:attachment":[{"href":"https:\/\/fifaa.ee\/en\/wp-json\/wp\/v2\/media?parent=40309"}],"wp:term":[{"taxonomy":"product_brand","embeddable":true,"href":"https:\/\/fifaa.ee\/en\/wp-json\/wp\/v2\/product_brand?post=40309"},{"taxonomy":"product_cat","embeddable":true,"href":"https:\/\/fifaa.ee\/en\/wp-json\/wp\/v2\/product_cat?post=40309"},{"taxonomy":"product_tag","embeddable":true,"href":"https:\/\/fifaa.ee\/en\/wp-json\/wp\/v2\/product_tag?post=40309"}],"curies":[{"name":"wp","href":"https:\/\/api.w.org\/{rel}","templated":true}]}}