{"id":403411,"date":"2026-04-02T14:31:39","date_gmt":"2026-04-02T11:31:39","guid":{"rendered":"https:\/\/fifaa.ee\/?post_type=product&#038;p=403411"},"modified":"2026-04-02T14:38:22","modified_gmt":"2026-04-02T11:38:22","slug":"core-essence-jersey-tight-fit-m","status":"publish","type":"product","link":"https:\/\/fifaa.ee\/en\/product\/core-essence-jersey-tight-fit-m\/","title":{"rendered":"CORE Essence Jersey Tight Fit M"},"content":{"rendered":"<p>Soft, stretchy and functional cycling jersey made of comfortable fabric that provides excellent moisture transport and comfort. The jersey has four back pockets (one with a zipper), reflective logos and a silicone print on the lower back that keeps the jersey in place. Perfectly matches all other cycling gear.<\/p>\n<p>\u2022 Silicone print on the lower back<br \/>\n\u2022 UPF25+<\/p>","protected":false},"excerpt":{"rendered":"<p>Pehme, veniv ja funktsionaalne jalgrattas\u00e4rk, mis on valmistatud mugavast kangast, mis tagab suurep\u00e4rase niiskuse transportimise ja mugavuse. S\u00e4rgil on neli tagataskut (\u00fcks t\u00f5mblukuga), peegelduvad logod ja silikoontr\u00fckk selja alaosas, mis hoiab s\u00e4rgi paigal. Sobib ideaalselt kokku k\u00f5igi teiste jalgrattavarustusega. \u2022 Silikoontr\u00fckk selja alaosas \u2022 UPF25+<\/p>","protected":false},"featured_media":403412,"template":"","meta":{"_acf_changed":false},"product_brand":[],"product_cat":[222,259],"product_tag":[659],"class_list":{"0":"post-403411","1":"product","2":"type-product","3":"status-publish","4":"has-post-thumbnail","6":"product_cat-sargid","7":"product_cat-spordisark","8":"product_tag-more-colors","9":"pa_brand-craft","10":"pa_suurus-xs","11":"pa_suurus-s","12":"pa_suurus-m","13":"pa_suurus-l","14":"pa_suurus-xl","15":"pa_suurus-xxl","16":"pa_suurus-3xl","17":"pa_suurus-4xl","18":"pa_varv-must","19":"pa_varv-valge-new","21":"first","22":"instock","23":"taxable","24":"shipping-taxable","25":"purchasable","26":"product-type-variable","27":"has-default-attributes"},"acf":[],"_links":{"self":[{"href":"https:\/\/fifaa.ee\/en\/wp-json\/wp\/v2\/product\/403411","targetHints":{"allow":["GET"]}}],"collection":[{"href":"https:\/\/fifaa.ee\/en\/wp-json\/wp\/v2\/product"}],"about":[{"href":"https:\/\/fifaa.ee\/en\/wp-json\/wp\/v2\/types\/product"}],"wp:featuredmedia":[{"embeddable":true,"href":"https:\/\/fifaa.ee\/en\/wp-json\/wp\/v2\/media\/403412"}],"wp:attachment":[{"href":"https:\/\/fifaa.ee\/en\/wp-json\/wp\/v2\/media?parent=403411"}],"wp:term":[{"taxonomy":"product_brand","embeddable":true,"href":"https:\/\/fifaa.ee\/en\/wp-json\/wp\/v2\/product_brand?post=403411"},{"taxonomy":"product_cat","embeddable":true,"href":"https:\/\/fifaa.ee\/en\/wp-json\/wp\/v2\/product_cat?post=403411"},{"taxonomy":"product_tag","embeddable":true,"href":"https:\/\/fifaa.ee\/en\/wp-json\/wp\/v2\/product_tag?post=403411"}],"curies":[{"name":"wp","href":"https:\/\/api.w.org\/{rel}","templated":true}]}}