{"id":40350,"date":"2025-01-28T17:37:36","date_gmt":"2025-01-28T15:37:36","guid":{"rendered":"https:\/\/fifaa.ee\/?post_type=product&#038;p=40350"},"modified":"2026-04-01T20:34:53","modified_gmt":"2026-04-01T17:34:53","slug":"vinga-timo-rcs-taaskasutatud-alumiiniumist-pastakas","status":"publish","type":"product","link":"https:\/\/fifaa.ee\/en\/product\/vinga-timo-rcs-taaskasutatud-alumiiniumist-pastakas\/","title":{"rendered":"VINGA Timo RCS recycled aluminum pen"},"content":{"rendered":"<p>A stylish writing instrument with a twist mechanism with document-based blue ink, providing approximately 1200 meters of length and 1.0 mm writing width. Made from recycled aluminum barrel, brass components and PU material. The Timo series offers minimalist desk accessories made from RCS-certified recycled materials that combine elegant design with a modern workplace aesthetic. The RCS (Recycled Claim Standard) certified RSC certification ensures that the entire recycled material supply chain is certified. The total recycled content is based on the total weight of the product. This product contains 27% RCS-certified recycled aluminum.<\/p>","protected":false},"excerpt":{"rendered":"<p>Stiilne kirjutusvahend, millel on dokumendip\u00f5hise sinise tindiga keeratav mehhanism, mis tagab umbes 1200 meetri pikkuse ja 1,0 mm kirjutuslaiuse. Valmistatud taaskasutatud alumiiniumist t\u00fcnnist, messingkomponentidest ja PU-materjalist. Timo seeria pakub minimalistlikke lauatarvikuid, mis on valmistatud RCS-sertifikaadiga taaskasutatud materjalidest, mis \u00fchendavad elegantse disaini kaasaegse t\u00f6\u00f6koha esteetikaga. RCS (Recycled Claim Standard) sertifitseeritud RSC sertifikaat tagab, et kogu taaskasutatud [&hellip;]<\/p>\n","protected":false},"featured_media":40399,"template":"","meta":{"_acf_changed":false},"product_brand":[],"product_cat":[601,603],"product_tag":[659],"class_list":{"0":"post-40350","1":"product","2":"type-product","3":"status-publish","4":"has-post-thumbnail","6":"product_cat-kirjutusvahendid","7":"product_cat-metallist-pastakad","8":"product_tag-more-colors","9":"pa_varv-must","10":"pa_varv-pruun","12":"first","13":"instock","14":"taxable","15":"shipping-taxable","16":"purchasable","17":"product-type-variable","18":"has-default-attributes"},"acf":[],"_links":{"self":[{"href":"https:\/\/fifaa.ee\/en\/wp-json\/wp\/v2\/product\/40350","targetHints":{"allow":["GET"]}}],"collection":[{"href":"https:\/\/fifaa.ee\/en\/wp-json\/wp\/v2\/product"}],"about":[{"href":"https:\/\/fifaa.ee\/en\/wp-json\/wp\/v2\/types\/product"}],"wp:featuredmedia":[{"embeddable":true,"href":"https:\/\/fifaa.ee\/en\/wp-json\/wp\/v2\/media\/40399"}],"wp:attachment":[{"href":"https:\/\/fifaa.ee\/en\/wp-json\/wp\/v2\/media?parent=40350"}],"wp:term":[{"taxonomy":"product_brand","embeddable":true,"href":"https:\/\/fifaa.ee\/en\/wp-json\/wp\/v2\/product_brand?post=40350"},{"taxonomy":"product_cat","embeddable":true,"href":"https:\/\/fifaa.ee\/en\/wp-json\/wp\/v2\/product_cat?post=40350"},{"taxonomy":"product_tag","embeddable":true,"href":"https:\/\/fifaa.ee\/en\/wp-json\/wp\/v2\/product_tag?post=40350"}],"curies":[{"name":"wp","href":"https:\/\/api.w.org\/{rel}","templated":true}]}}