{"id":403659,"date":"2026-04-02T14:32:37","date_gmt":"2026-04-02T11:32:37","guid":{"rendered":"https:\/\/fifaa.ee\/?post_type=product&#038;p=403659"},"modified":"2026-04-02T14:38:22","modified_gmt":"2026-04-02T11:38:22","slug":"2-0-combi-bag","status":"publish","type":"product","link":"https:\/\/fifaa.ee\/en\/product\/2-0-combi-bag\/","title":{"rendered":"2.0 Combi Bag"},"content":{"rendered":"<p>A versatile backpack with a top and front carry handle for easy carrying. Double D-ring shoulder straps and a sternum strap provide stability when moving. The bag includes two large zippered side pockets, one of which is insulated - ideal for storing cold drinks and food. The large U-shaped zipper allows for easy access and quick packing. Ventilated shoe\/towel compartment and zippered top pocket with key hook. A hidden security pocket behind the shoulder straps and a large mesh side pocket add storage space. The bag includes reflective details for visibility.<\/p>","protected":false},"excerpt":{"rendered":"<p>Mitmek\u00fclgne seljakott, mille k\u00e4epide on nii peal kui ees, v\u00f5imaldades mugavat kandmist. Kahe D-r\u00f5ngaga \u00f5larihmad ja rinnaku rihm tagavad stabiilsuse liikumisel. Kott sisaldab kahte suurt lukuga k\u00fcljetaskut, millest \u00fcks on isoleeritud \u2013 ideaalne k\u00fclmade jookide ja toidu hoidmiseks. Suur U-kujuline t\u00f5mblukk v\u00f5imaldab lihtsat juurdep\u00e4\u00e4su ja kiiret pakkimist. Ventileeritav kinga-\/r\u00e4tikusahtel ja lukuga \u00fclemine tasku, millel on [&hellip;]<\/p>\n","protected":false},"featured_media":403669,"template":"","meta":{"_acf_changed":false},"product_brand":[],"product_cat":[232,573],"product_tag":[],"class_list":{"0":"post-403659","1":"product","2":"type-product","3":"status-publish","4":"has-post-thumbnail","6":"product_cat-kotid","7":"product_cat-seljakott","8":"pa_brand-clique","9":"pa_suurus-one-size","10":"pa_varv-must","12":"first","13":"instock","14":"taxable","15":"shipping-taxable","16":"purchasable","17":"product-type-variable","18":"has-default-attributes"},"acf":[],"_links":{"self":[{"href":"https:\/\/fifaa.ee\/en\/wp-json\/wp\/v2\/product\/403659","targetHints":{"allow":["GET"]}}],"collection":[{"href":"https:\/\/fifaa.ee\/en\/wp-json\/wp\/v2\/product"}],"about":[{"href":"https:\/\/fifaa.ee\/en\/wp-json\/wp\/v2\/types\/product"}],"wp:featuredmedia":[{"embeddable":true,"href":"https:\/\/fifaa.ee\/en\/wp-json\/wp\/v2\/media\/403669"}],"wp:attachment":[{"href":"https:\/\/fifaa.ee\/en\/wp-json\/wp\/v2\/media?parent=403659"}],"wp:term":[{"taxonomy":"product_brand","embeddable":true,"href":"https:\/\/fifaa.ee\/en\/wp-json\/wp\/v2\/product_brand?post=403659"},{"taxonomy":"product_cat","embeddable":true,"href":"https:\/\/fifaa.ee\/en\/wp-json\/wp\/v2\/product_cat?post=403659"},{"taxonomy":"product_tag","embeddable":true,"href":"https:\/\/fifaa.ee\/en\/wp-json\/wp\/v2\/product_tag?post=403659"}],"curies":[{"name":"wp","href":"https:\/\/api.w.org\/{rel}","templated":true}]}}