{"id":403882,"date":"2026-04-02T14:33:21","date_gmt":"2026-04-02T11:33:21","guid":{"rendered":"https:\/\/fifaa.ee\/?post_type=product&#038;p=403882"},"modified":"2026-04-02T14:38:22","modified_gmt":"2026-04-02T11:38:22","slug":"melange-daypack","status":"publish","type":"product","link":"https:\/\/fifaa.ee\/en\/product\/melange-daypack\/","title":{"rendered":"Melange Daypack"},"content":{"rendered":"<p>Stylish everyday pack with a main compartment with SBS zippered sleeve and an exterior pocket. An open side pocket adds storage space. Includes a carry handle, lightly padded and adjustable shoulder straps.<br \/>\nDimensions and volume: 28x42x12cm \u2013 12L<\/p>","protected":false},"excerpt":{"rendered":"<p>Stiilne igap\u00e4evane pakk SBS-t\u00f5mblukuga varruka ja v\u00e4listaskuga p\u00f5hisahtliga. Avatud k\u00fcljetasku lisab panipaika. Kaasas kandesang, kergelt polsterdatud ja reguleeritavad \u00f5larihmad. M\u00f5\u00f5dud ja maht: 28x42x12cm &#8211; 12L<\/p>","protected":false},"featured_media":403902,"template":"","meta":{"_acf_changed":false},"product_brand":[],"product_cat":[232,573],"product_tag":[],"class_list":{"0":"post-403882","1":"product","2":"type-product","3":"status-publish","4":"has-post-thumbnail","6":"product_cat-kotid","7":"product_cat-seljakott","8":"pa_brand-clique","9":"pa_suurus-one-size","11":"first","12":"instock","13":"taxable","14":"shipping-taxable","15":"purchasable","16":"product-type-variable","17":"has-default-attributes"},"acf":[],"_links":{"self":[{"href":"https:\/\/fifaa.ee\/en\/wp-json\/wp\/v2\/product\/403882","targetHints":{"allow":["GET"]}}],"collection":[{"href":"https:\/\/fifaa.ee\/en\/wp-json\/wp\/v2\/product"}],"about":[{"href":"https:\/\/fifaa.ee\/en\/wp-json\/wp\/v2\/types\/product"}],"wp:featuredmedia":[{"embeddable":true,"href":"https:\/\/fifaa.ee\/en\/wp-json\/wp\/v2\/media\/403902"}],"wp:attachment":[{"href":"https:\/\/fifaa.ee\/en\/wp-json\/wp\/v2\/media?parent=403882"}],"wp:term":[{"taxonomy":"product_brand","embeddable":true,"href":"https:\/\/fifaa.ee\/en\/wp-json\/wp\/v2\/product_brand?post=403882"},{"taxonomy":"product_cat","embeddable":true,"href":"https:\/\/fifaa.ee\/en\/wp-json\/wp\/v2\/product_cat?post=403882"},{"taxonomy":"product_tag","embeddable":true,"href":"https:\/\/fifaa.ee\/en\/wp-json\/wp\/v2\/product_tag?post=403882"}],"curies":[{"name":"wp","href":"https:\/\/api.w.org\/{rel}","templated":true}]}}