{"id":403921,"date":"2026-04-02T14:33:29","date_gmt":"2026-04-02T11:33:29","guid":{"rendered":"https:\/\/fifaa.ee\/?post_type=product&#038;p=403921"},"modified":"2026-04-02T14:38:22","modified_gmt":"2026-04-02T11:38:22","slug":"chambers-half-zip-women","status":"publish","type":"product","link":"https:\/\/fifaa.ee\/en\/product\/chambers-half-zip-women\/","title":{"rendered":"Chambers Half Zip Women"},"content":{"rendered":"<p>Made from an extremely soft polyester material, this long-sleeved sweater is the perfect choice for active activities and everyday wear. It features a moisture-wicking design that keeps you dry by wicking away moisture. A front zipper provides extra comfort. The sweater is great as a light layer on warmer days or worn under a jacket in colder weather. UV protection provides protection from the sun&#039;s rays. A small zippered chest pocket offers a convenient and secure place to store keys and cards. An ideal choice for every day and active outdoor activities.<\/p>","protected":false},"excerpt":{"rendered":"<p>\u00c4\u00e4rmiselt pehmest pol\u00fcestermaterjalist valmistatud pikkade varrukatega sviiter on ideaalne valik aktiivseteks tegevusteks ja igap\u00e4evaseks kandmiseks. Eriliseks teeb niiskuset\u00f5kk disain, mis hoiab keha kuivana, suunates niiskuse eemale. Ees t\u00f5mblukk pakkudes t\u00e4iendavat mugavust. Sviiter sobib h\u00e4sti kergema kihina soojematel p\u00e4evadel v\u00f5i kandmiseks jaki all k\u00fclmema ilmaga. UV-kaitse tagab kaitse p\u00e4ikesekiirte eest. V\u00e4ike lukuga rinnatasku pakub mugavat ja [&hellip;]<\/p>\n","protected":false},"featured_media":403930,"template":"","meta":{"_acf_changed":false},"product_brand":[],"product_cat":[889,227],"product_tag":[659],"class_list":{"0":"post-403921","1":"product","2":"type-product","3":"status-publish","4":"has-post-thumbnail","6":"product_cat-sviiter","7":"product_cat-pusad","8":"product_tag-more-colors","9":"pa_brand-cutter-buck","10":"pa_suurus-xs","11":"pa_suurus-s","12":"pa_suurus-m","13":"pa_suurus-l","14":"pa_suurus-xl","15":"pa_suurus-xxl","17":"first","18":"instock","19":"taxable","20":"shipping-taxable","21":"purchasable","22":"product-type-variable","23":"has-default-attributes"},"acf":[],"_links":{"self":[{"href":"https:\/\/fifaa.ee\/en\/wp-json\/wp\/v2\/product\/403921","targetHints":{"allow":["GET"]}}],"collection":[{"href":"https:\/\/fifaa.ee\/en\/wp-json\/wp\/v2\/product"}],"about":[{"href":"https:\/\/fifaa.ee\/en\/wp-json\/wp\/v2\/types\/product"}],"wp:featuredmedia":[{"embeddable":true,"href":"https:\/\/fifaa.ee\/en\/wp-json\/wp\/v2\/media\/403930"}],"wp:attachment":[{"href":"https:\/\/fifaa.ee\/en\/wp-json\/wp\/v2\/media?parent=403921"}],"wp:term":[{"taxonomy":"product_brand","embeddable":true,"href":"https:\/\/fifaa.ee\/en\/wp-json\/wp\/v2\/product_brand?post=403921"},{"taxonomy":"product_cat","embeddable":true,"href":"https:\/\/fifaa.ee\/en\/wp-json\/wp\/v2\/product_cat?post=403921"},{"taxonomy":"product_tag","embeddable":true,"href":"https:\/\/fifaa.ee\/en\/wp-json\/wp\/v2\/product_tag?post=403921"}],"curies":[{"name":"wp","href":"https:\/\/api.w.org\/{rel}","templated":true}]}}