{"id":404215,"date":"2026-04-02T14:34:21","date_gmt":"2026-04-02T11:34:21","guid":{"rendered":"https:\/\/fifaa.ee\/?post_type=product&#038;p=404215"},"modified":"2026-04-02T14:38:21","modified_gmt":"2026-04-02T11:38:21","slug":"leisure-crewneck-w","status":"publish","type":"product","link":"https:\/\/fifaa.ee\/en\/product\/leisure-crewneck-w\/","title":{"rendered":"Leisure Crewneck W"},"content":{"rendered":"<p>Leisure Crewneck is a casual and comfortable sweatshirt designed for everyday use. The sweatshirt is made of soft, elastic and functional polyester.<\/p>\n<p>\u2022 Soft, elastic and functional polyester<br \/>\n\u2022 Modern design<\/p>","protected":false},"excerpt":{"rendered":"<p>Leisure Crewneck on vabaaja ja mugav dressipluus, mis on m\u00f5eldud igap\u00e4evaseks kasutamiseks. Dressipluus on valmistatud pehmest, elastsest ja funktsionaalsest pol\u00fcestrist. \u2022 Pehme, elastne ja funktsionaalne pol\u00fcester \u2022 Kaasaegne disain<\/p>","protected":false},"featured_media":404249,"template":"","meta":{"_acf_changed":false},"product_brand":[],"product_cat":[227,310],"product_tag":[659],"class_list":{"0":"post-404215","1":"product","2":"type-product","3":"status-publish","4":"has-post-thumbnail","6":"product_cat-pusad","7":"product_cat-kapuutsita-pusa","8":"product_tag-more-colors","9":"pa_brand-craft","10":"pa_suurus-xs","11":"pa_suurus-s","12":"pa_suurus-m","13":"pa_suurus-l","14":"pa_suurus-xl","15":"pa_suurus-xxl","16":"pa_varv-must","18":"first","19":"instock","20":"taxable","21":"shipping-taxable","22":"purchasable","23":"product-type-variable","24":"has-default-attributes"},"acf":[],"_links":{"self":[{"href":"https:\/\/fifaa.ee\/en\/wp-json\/wp\/v2\/product\/404215","targetHints":{"allow":["GET"]}}],"collection":[{"href":"https:\/\/fifaa.ee\/en\/wp-json\/wp\/v2\/product"}],"about":[{"href":"https:\/\/fifaa.ee\/en\/wp-json\/wp\/v2\/types\/product"}],"wp:featuredmedia":[{"embeddable":true,"href":"https:\/\/fifaa.ee\/en\/wp-json\/wp\/v2\/media\/404249"}],"wp:attachment":[{"href":"https:\/\/fifaa.ee\/en\/wp-json\/wp\/v2\/media?parent=404215"}],"wp:term":[{"taxonomy":"product_brand","embeddable":true,"href":"https:\/\/fifaa.ee\/en\/wp-json\/wp\/v2\/product_brand?post=404215"},{"taxonomy":"product_cat","embeddable":true,"href":"https:\/\/fifaa.ee\/en\/wp-json\/wp\/v2\/product_cat?post=404215"},{"taxonomy":"product_tag","embeddable":true,"href":"https:\/\/fifaa.ee\/en\/wp-json\/wp\/v2\/product_tag?post=404215"}],"curies":[{"name":"wp","href":"https:\/\/api.w.org\/{rel}","templated":true}]}}