{"id":404255,"date":"2026-04-02T14:34:29","date_gmt":"2026-04-02T11:34:29","guid":{"rendered":"https:\/\/fifaa.ee\/?post_type=product&#038;p=404255"},"modified":"2026-04-02T14:38:21","modified_gmt":"2026-04-02T11:38:21","slug":"adv-explore-light-midlayer-m","status":"publish","type":"product","link":"https:\/\/fifaa.ee\/en\/product\/adv-explore-light-midlayer-m\/","title":{"rendered":"ADV Explore Light Midlayer M"},"content":{"rendered":"<p>A lightweight sweatshirt made of thin, elastic and functional material, providing excellent body temperature regulation during various outdoor activities.<\/p>\n<p>\u2022 Lightweight, elastic and functional material<br \/>\n\u2022 Chest pocket with zipper<br \/>\n\u2022 Reflective details<br \/>\n\u2022 Craft logo on the chest and six dots on the back<\/p>","protected":false},"excerpt":{"rendered":"<p>Kerge pusa, mis on valmistatud \u00f5hukesest, elastseks ja funktsionaalsest materjalist, pakkudes suurep\u00e4rast kehatemperatuuri reguleerimist erinevate v\u00e4listingimustes tegevuste ajal. \u2022 Kerge, elastne ja funktsionaalne materjal \u2022 Rinnatasku t\u00f5mblukuga \u2022 Peegelduvad detailid \u2022 Craft logo rinnal ja kuus punkti seljal<\/p>","protected":false},"featured_media":404271,"template":"","meta":{"_acf_changed":false},"product_brand":[],"product_cat":[227,312],"product_tag":[659],"class_list":{"0":"post-404255","1":"product","2":"type-product","3":"status-publish","4":"has-post-thumbnail","6":"product_cat-pusad","7":"product_cat-lukuga-pusa","8":"product_tag-more-colors","9":"pa_brand-craft","10":"pa_suurus-s","11":"pa_suurus-m","12":"pa_suurus-l","13":"pa_suurus-xl","14":"pa_suurus-xxl","15":"pa_suurus-3xl","16":"pa_suurus-4xl","17":"pa_varv-hall","18":"pa_varv-must","19":"pa_varv-sinine","21":"first","22":"instock","23":"taxable","24":"shipping-taxable","25":"purchasable","26":"product-type-variable","27":"has-default-attributes"},"acf":[],"_links":{"self":[{"href":"https:\/\/fifaa.ee\/en\/wp-json\/wp\/v2\/product\/404255","targetHints":{"allow":["GET"]}}],"collection":[{"href":"https:\/\/fifaa.ee\/en\/wp-json\/wp\/v2\/product"}],"about":[{"href":"https:\/\/fifaa.ee\/en\/wp-json\/wp\/v2\/types\/product"}],"wp:featuredmedia":[{"embeddable":true,"href":"https:\/\/fifaa.ee\/en\/wp-json\/wp\/v2\/media\/404271"}],"wp:attachment":[{"href":"https:\/\/fifaa.ee\/en\/wp-json\/wp\/v2\/media?parent=404255"}],"wp:term":[{"taxonomy":"product_brand","embeddable":true,"href":"https:\/\/fifaa.ee\/en\/wp-json\/wp\/v2\/product_brand?post=404255"},{"taxonomy":"product_cat","embeddable":true,"href":"https:\/\/fifaa.ee\/en\/wp-json\/wp\/v2\/product_cat?post=404255"},{"taxonomy":"product_tag","embeddable":true,"href":"https:\/\/fifaa.ee\/en\/wp-json\/wp\/v2\/product_tag?post=404255"}],"curies":[{"name":"wp","href":"https:\/\/api.w.org\/{rel}","templated":true}]}}