{"id":404292,"date":"2026-04-02T14:34:36","date_gmt":"2026-04-02T11:34:36","guid":{"rendered":"https:\/\/fifaa.ee\/?post_type=product&#038;p=404292"},"modified":"2026-04-02T14:38:21","modified_gmt":"2026-04-02T11:38:21","slug":"adv-join-hoodie-m","status":"publish","type":"product","link":"https:\/\/fifaa.ee\/en\/product\/adv-join-hoodie-m\/","title":{"rendered":"ADV Join Hoodie M"},"content":{"rendered":"<p>An extremely comfortable hoodie with a clean and stylish look, designed for everyday wear.<\/p>\n<p>This modern sweatshirt is made of high-quality fabric with a smooth cotton exterior and a soft polyester interior, ensuring exceptional comfort both when coming from the gym and during everyday activities. The sweatshirt has an adjustable hood, raglan sleeves and secret zip pockets. The Scandinavian minimalist design makes it easy to match with a variety of sportswear and workout qualities. The product also has an embroidered logo, which adds a luxurious look to the product.<\/p>","protected":false},"excerpt":{"rendered":"<p>\u00c4\u00e4rmiselt mugav kapuutsiga pusa, millel on puhas ja stiilne v\u00e4limus, loodud igap\u00e4evaseks kandmiseks. See kaasaegne pusa on valmistatud kvaliteetsest kangast, millel on sile puuvillane v\u00e4limus ja pehme pol\u00fcestrisisemus, tagades erakordse mugavuse nii treeningsaalist tulles kui ka igap\u00e4evastes tegevustes. Pusal on reguleeritav kapuuts, raglan varrukad ja salajaste lukuga taskud. Skandinaavia minimalistlik disain muudab selle h\u00f5lpsasti sobituvaks [&hellip;]<\/p>\n","protected":false},"featured_media":404305,"template":"","meta":{"_acf_changed":false},"product_brand":[],"product_cat":[227,311],"product_tag":[659],"class_list":{"0":"post-404292","1":"product","2":"type-product","3":"status-publish","4":"has-post-thumbnail","6":"product_cat-pusad","7":"product_cat-kapuutsiga-pusa","8":"product_tag-more-colors","9":"pa_brand-craft","10":"pa_suurus-xs","11":"pa_suurus-s","12":"pa_suurus-m","13":"pa_suurus-l","14":"pa_suurus-xl","15":"pa_suurus-xxl","16":"pa_suurus-3xl","17":"pa_suurus-4xl","18":"pa_varv-must","20":"first","21":"instock","22":"taxable","23":"shipping-taxable","24":"purchasable","25":"product-type-variable","26":"has-default-attributes"},"acf":[],"_links":{"self":[{"href":"https:\/\/fifaa.ee\/en\/wp-json\/wp\/v2\/product\/404292","targetHints":{"allow":["GET"]}}],"collection":[{"href":"https:\/\/fifaa.ee\/en\/wp-json\/wp\/v2\/product"}],"about":[{"href":"https:\/\/fifaa.ee\/en\/wp-json\/wp\/v2\/types\/product"}],"wp:featuredmedia":[{"embeddable":true,"href":"https:\/\/fifaa.ee\/en\/wp-json\/wp\/v2\/media\/404305"}],"wp:attachment":[{"href":"https:\/\/fifaa.ee\/en\/wp-json\/wp\/v2\/media?parent=404292"}],"wp:term":[{"taxonomy":"product_brand","embeddable":true,"href":"https:\/\/fifaa.ee\/en\/wp-json\/wp\/v2\/product_brand?post=404292"},{"taxonomy":"product_cat","embeddable":true,"href":"https:\/\/fifaa.ee\/en\/wp-json\/wp\/v2\/product_cat?post=404292"},{"taxonomy":"product_tag","embeddable":true,"href":"https:\/\/fifaa.ee\/en\/wp-json\/wp\/v2\/product_tag?post=404292"}],"curies":[{"name":"wp","href":"https:\/\/api.w.org\/{rel}","templated":true}]}}