{"id":40434,"date":"2025-01-28T17:38:22","date_gmt":"2025-01-28T15:38:22","guid":{"rendered":"https:\/\/fifaa.ee\/?post_type=product&#038;p=40434"},"modified":"2026-04-01T20:36:21","modified_gmt":"2026-04-01T17:36:21","slug":"vinga-monte-slate-grillrest-30cm","status":"publish","type":"product","link":"https:\/\/fifaa.ee\/en\/product\/vinga-monte-slate-grillrest-30cm\/","title":{"rendered":"VINGA Monte Ardoise grill griddle, 30cm"},"content":{"rendered":"<p>Grill vegetables, succulent shrimp or other small items on this Monte Ardoise series grill plate. Its unique edges raise the food, mimicking the indirect heat of traditional grilling, while allowing fats to drain away, ensuring your food doesn&#039;t cook in excess oil. Made of matte enameled cast iron. Compatible with all stoves, including induction and grill stoves. Diameter: 30 cm. For maintenance, hand wash only and wipe dry immediately to prevent rust stains.<\/p>","protected":false},"excerpt":{"rendered":"<p>Grilli k\u00f6\u00f6givilju, mahlaseid krevette v\u00f5i muid v\u00e4ikeseid esemeid sellel Monte Ardoise sarja grillplaadil. Selle ainulaadsed servad t\u00f5stavad toitu, j\u00e4ljendades traditsioonilise grillimise kaudset kuumust, v\u00f5imaldades samal ajal rasvadel \u00e4ra voolata, tagades, et teie toit ei k\u00fcpseks liigses \u00f5lis. Valmistatud matist emailitud malmist. \u00dchildub k\u00f5igi pliitidega, sealhulgas induktsioon- ja grillpliitidega. L\u00e4bim\u00f5\u00f5t: 30 cm. Hoolduseks peske ainult k\u00e4sitsi [&hellip;]<\/p>\n","protected":false},"featured_media":40450,"template":"","meta":{"_acf_changed":false},"product_brand":[],"product_cat":[213,568],"product_tag":[],"class_list":{"0":"post-40434","1":"product","2":"type-product","3":"status-publish","4":"has-post-thumbnail","6":"product_cat-kodu","7":"product_cat-koogitarbed","8":"pa_varv-must","10":"first","11":"instock","12":"taxable","13":"shipping-taxable","14":"purchasable","15":"product-type-variable","16":"has-default-attributes"},"acf":[],"_links":{"self":[{"href":"https:\/\/fifaa.ee\/en\/wp-json\/wp\/v2\/product\/40434","targetHints":{"allow":["GET"]}}],"collection":[{"href":"https:\/\/fifaa.ee\/en\/wp-json\/wp\/v2\/product"}],"about":[{"href":"https:\/\/fifaa.ee\/en\/wp-json\/wp\/v2\/types\/product"}],"wp:featuredmedia":[{"embeddable":true,"href":"https:\/\/fifaa.ee\/en\/wp-json\/wp\/v2\/media\/40450"}],"wp:attachment":[{"href":"https:\/\/fifaa.ee\/en\/wp-json\/wp\/v2\/media?parent=40434"}],"wp:term":[{"taxonomy":"product_brand","embeddable":true,"href":"https:\/\/fifaa.ee\/en\/wp-json\/wp\/v2\/product_brand?post=40434"},{"taxonomy":"product_cat","embeddable":true,"href":"https:\/\/fifaa.ee\/en\/wp-json\/wp\/v2\/product_cat?post=40434"},{"taxonomy":"product_tag","embeddable":true,"href":"https:\/\/fifaa.ee\/en\/wp-json\/wp\/v2\/product_tag?post=40434"}],"curies":[{"name":"wp","href":"https:\/\/api.w.org\/{rel}","templated":true}]}}