{"id":40435,"date":"2025-01-28T17:38:22","date_gmt":"2025-01-28T15:38:22","guid":{"rendered":"https:\/\/fifaa.ee\/?post_type=product&#038;p=40435"},"modified":"2026-04-01T20:36:21","modified_gmt":"2026-04-01T17:36:21","slug":"vinga-alte-rcs-taaskasutatud-alumiiniumist-praepann-25-cm","status":"publish","type":"product","link":"https:\/\/fifaa.ee\/en\/product\/vinga-alte-rcs-taaskasutatud-alumiiniumist-praepann-25-cm\/","title":{"rendered":"VINGA Alte RCS recycled aluminum fry pan 25 cm"},"content":{"rendered":"<p>Enhance your cooking experience with our Alte Series RCS Recycled Aluminum Pan. It is made of lightweight aluminum and has a ceramic non-stick coating for easy cooking and cleaning. The sleek design is complemented by a stainless steel handle and durable stainless steel base. Designed for versatility, this pan is compatible with all hobs, including the oven (max 250\u00b0C). Experience the perfect combination of functionality and aesthetics with the Alte Series Aluminum Pan. RCS (Recycled Claim Standard) certified RSC certification ensures that the entire recycled material supply chain is certified. The total recycled content is based on the total weight of the product. This product contains 67% RCS certified recycled aluminum.<\/p>","protected":false},"excerpt":{"rendered":"<p>T\u00e4iustage oma toiduvalmistamise kogemust meie Alte seeria RCS taaskasutatud alumiiniumist panniga. See on valmistatud kergest alumiiniumist ning sellel on keraamiline mittenakkuva kate, mis tagab lihtsa toiduvalmistamise ja puhastamise. Siledat disaini t\u00e4iendavad roostevabast terasest k\u00e4epide ja vastupidav roostevabast terasest p\u00f5hi. See pann, mis on loodud mitmek\u00fclgseks, \u00fchildub k\u00f5igi pliidiplaatidega, sealhulgas ahjuga (max 250 \u00b0C). Kogege t\u00e4iuslikku [&hellip;]<\/p>\n","protected":false},"featured_media":40452,"template":"","meta":{"_acf_changed":false},"product_brand":[],"product_cat":[213,568],"product_tag":[],"class_list":{"0":"post-40435","1":"product","2":"type-product","3":"status-publish","4":"has-post-thumbnail","6":"product_cat-kodu","7":"product_cat-koogitarbed","8":"pa_varv-beez","10":"first","11":"instock","12":"taxable","13":"shipping-taxable","14":"purchasable","15":"product-type-variable","16":"has-default-attributes"},"acf":[],"_links":{"self":[{"href":"https:\/\/fifaa.ee\/en\/wp-json\/wp\/v2\/product\/40435","targetHints":{"allow":["GET"]}}],"collection":[{"href":"https:\/\/fifaa.ee\/en\/wp-json\/wp\/v2\/product"}],"about":[{"href":"https:\/\/fifaa.ee\/en\/wp-json\/wp\/v2\/types\/product"}],"wp:featuredmedia":[{"embeddable":true,"href":"https:\/\/fifaa.ee\/en\/wp-json\/wp\/v2\/media\/40452"}],"wp:attachment":[{"href":"https:\/\/fifaa.ee\/en\/wp-json\/wp\/v2\/media?parent=40435"}],"wp:term":[{"taxonomy":"product_brand","embeddable":true,"href":"https:\/\/fifaa.ee\/en\/wp-json\/wp\/v2\/product_brand?post=40435"},{"taxonomy":"product_cat","embeddable":true,"href":"https:\/\/fifaa.ee\/en\/wp-json\/wp\/v2\/product_cat?post=40435"},{"taxonomy":"product_tag","embeddable":true,"href":"https:\/\/fifaa.ee\/en\/wp-json\/wp\/v2\/product_tag?post=40435"}],"curies":[{"name":"wp","href":"https:\/\/api.w.org\/{rel}","templated":true}]}}