{"id":404359,"date":"2026-04-02T14:34:46","date_gmt":"2026-04-02T11:34:46","guid":{"rendered":"https:\/\/fifaa.ee\/?post_type=product&#038;p=404359"},"modified":"2026-04-02T14:38:21","modified_gmt":"2026-04-02T11:38:21","slug":"polo-shirt-pique-classic-m","status":"publish","type":"product","link":"https:\/\/fifaa.ee\/en\/product\/polo-shirt-pique-classic-m\/","title":{"rendered":"Polo Shirt Pique Classic M"},"content":{"rendered":"<p>Classic polo shirt with a comfortable cut and embroidered logo on the sleeve.<\/p>\n<p>\u2022 Classic polo shirt with buttons<br \/>\n\u2022 Polyester for excellent moisture transport<br \/>\n\u2022 Traditional, comfortable cut<br \/>\n\u2022 Embroidered logo on sleeve<\/p>","protected":false},"excerpt":{"rendered":"<p>Klassikaline polo s\u00e4rk mugava l\u00f5ikega ja tikitud logo varrukal. \u2022 Klassikaline polo s\u00e4rk n\u00f6\u00f6pidega \u2022 Pol\u00fcester, mis tagab suurep\u00e4rase niiskuse transportimise \u2022 Traditsiooniline, mugav l\u00f5ige \u2022 Tikitud logo varrukal<\/p>","protected":false},"featured_media":404362,"template":"","meta":{"_acf_changed":false},"product_brand":[],"product_cat":[222,272],"product_tag":[659],"class_list":{"0":"post-404359","1":"product","2":"type-product","3":"status-publish","4":"has-post-thumbnail","6":"product_cat-sargid","7":"product_cat-polo","8":"product_tag-more-colors","9":"pa_brand-craft","10":"pa_suurus-xs","11":"pa_suurus-s","12":"pa_suurus-m","13":"pa_suurus-l","14":"pa_suurus-xl","15":"pa_suurus-xxl","16":"pa_suurus-3xl","17":"pa_varv-kollane","18":"pa_varv-must","20":"first","21":"instock","22":"taxable","23":"shipping-taxable","24":"purchasable","25":"product-type-variable","26":"has-default-attributes"},"acf":[],"_links":{"self":[{"href":"https:\/\/fifaa.ee\/en\/wp-json\/wp\/v2\/product\/404359","targetHints":{"allow":["GET"]}}],"collection":[{"href":"https:\/\/fifaa.ee\/en\/wp-json\/wp\/v2\/product"}],"about":[{"href":"https:\/\/fifaa.ee\/en\/wp-json\/wp\/v2\/types\/product"}],"wp:featuredmedia":[{"embeddable":true,"href":"https:\/\/fifaa.ee\/en\/wp-json\/wp\/v2\/media\/404362"}],"wp:attachment":[{"href":"https:\/\/fifaa.ee\/en\/wp-json\/wp\/v2\/media?parent=404359"}],"wp:term":[{"taxonomy":"product_brand","embeddable":true,"href":"https:\/\/fifaa.ee\/en\/wp-json\/wp\/v2\/product_brand?post=404359"},{"taxonomy":"product_cat","embeddable":true,"href":"https:\/\/fifaa.ee\/en\/wp-json\/wp\/v2\/product_cat?post=404359"},{"taxonomy":"product_tag","embeddable":true,"href":"https:\/\/fifaa.ee\/en\/wp-json\/wp\/v2\/product_tag?post=404359"}],"curies":[{"name":"wp","href":"https:\/\/api.w.org\/{rel}","templated":true}]}}