{"id":40440,"date":"2025-01-28T17:38:22","date_gmt":"2025-01-28T15:38:22","guid":{"rendered":"https:\/\/fifaa.ee\/?post_type=product&#038;p=40440"},"modified":"2026-04-01T20:36:47","modified_gmt":"2026-04-01T17:36:47","slug":"vinga-tara-rcs-taaskasutatud-terasest-kokakomplekt","status":"publish","type":"product","link":"https:\/\/fifaa.ee\/en\/product\/vinga-tara-rcs-taaskasutatud-terasest-kokakomplekt\/","title":{"rendered":"VINGA Tara RCS recycled steel chef&#039;s set"},"content":{"rendered":"<p>The Tara Chef set, made from RCS-certified recycled stainless steel, offers both style and versatility. The chef&#039;s knife has a 21 cm blade, making it versatile for a variety of kitchen tasks. The short-bladed paring knife is ideal for tasks that require precision and finesse. Made from high-quality 5Cr15Mov stainless steel, the knives offer exceptional durability and performance. The beautiful pakka wood handle provides a comfortable and secure grip, while the excellent balance of the blade ensures ease of use. Chef&#039;s knife size: 33 cm (21 cm blade). Paring knife size: 19.5 cm (8.5 cm blade). Hand wash only to ensure a long life. RCS (Recycled Claim Standard) certified RSC certification ensures that the entire recycled material supply chain is certified. Total recycled content is based on the total weight of the product. This product contains 23% RCS-certified recycled stainless steel.<\/p>","protected":false},"excerpt":{"rendered":"<p>Tara Chefi komplekt, mis on valmistatud RCS-sertifikaadiga taaskasutatud roostevabast terasest, pakub nii stiili kui ka mitmek\u00fclgsust. Koka noal on 21 cm tera, mis muudab selle mitmek\u00fclgseks erinevate k\u00f6\u00f6git\u00f6\u00f6de jaoks. L\u00fchikese teraga l\u00f5ikamisnuga sobib ideaalselt t\u00e4psust ja peenust n\u00f5udvate \u00fclesannete jaoks. Kvaliteetsest 5Cr15Mov roostevabast terasest valmistatud noad on erakordse vastupidavuse ja j\u00f5udlusega. Kaunis pakkapuidust k\u00e4epide tagab [&hellip;]<\/p>\n","protected":false},"featured_media":40462,"template":"","meta":{"_acf_changed":false},"product_brand":[],"product_cat":[213,568],"product_tag":[],"class_list":{"0":"post-40440","1":"product","2":"type-product","3":"status-publish","4":"has-post-thumbnail","6":"product_cat-kodu","7":"product_cat-koogitarbed","9":"first","10":"instock","11":"taxable","12":"shipping-taxable","13":"purchasable","14":"product-type-variable","15":"has-default-attributes"},"acf":[],"_links":{"self":[{"href":"https:\/\/fifaa.ee\/en\/wp-json\/wp\/v2\/product\/40440","targetHints":{"allow":["GET"]}}],"collection":[{"href":"https:\/\/fifaa.ee\/en\/wp-json\/wp\/v2\/product"}],"about":[{"href":"https:\/\/fifaa.ee\/en\/wp-json\/wp\/v2\/types\/product"}],"wp:featuredmedia":[{"embeddable":true,"href":"https:\/\/fifaa.ee\/en\/wp-json\/wp\/v2\/media\/40462"}],"wp:attachment":[{"href":"https:\/\/fifaa.ee\/en\/wp-json\/wp\/v2\/media?parent=40440"}],"wp:term":[{"taxonomy":"product_brand","embeddable":true,"href":"https:\/\/fifaa.ee\/en\/wp-json\/wp\/v2\/product_brand?post=40440"},{"taxonomy":"product_cat","embeddable":true,"href":"https:\/\/fifaa.ee\/en\/wp-json\/wp\/v2\/product_cat?post=40440"},{"taxonomy":"product_tag","embeddable":true,"href":"https:\/\/fifaa.ee\/en\/wp-json\/wp\/v2\/product_tag?post=40440"}],"curies":[{"name":"wp","href":"https:\/\/api.w.org\/{rel}","templated":true}]}}