{"id":40441,"date":"2025-01-28T17:38:22","date_gmt":"2025-01-28T15:38:22","guid":{"rendered":"https:\/\/fifaa.ee\/?post_type=product&#038;p=40441"},"modified":"2026-04-01T20:36:47","modified_gmt":"2026-04-01T17:36:47","slug":"vinga-lugu-mereandidest","status":"publish","type":"product","link":"https:\/\/fifaa.ee\/en\/product\/vinga-lugu-mereandidest\/","title":{"rendered":"VINGA Story of seafood"},"content":{"rendered":"<p>Immerse yourself in the exquisite world of seafood with the Story of Seafood set, elegantly packaged in an FSC\u00ae gift box that resembles a classic book. This carefully curated set includes an oyster knife, a clam chopper and four seafood forks, all crafted from precision-crafted stainless steel and FSC\u00ae certified ash wood. The unique packaging not only protects your tools, but also tells an engaging story about seafood, making it the perfect gift for any seafood lover.<\/p>","protected":false},"excerpt":{"rendered":"<p>Sukelduge mereandide oivalisse maailma koos Story of Seafood komplektiga, mis on elegantselt pakendatud FSC\u00ae kinkekarpi, mis meenutab klassikalist raamatut. See hoolikalt kureeritud komplekt sisaldab austri nuga, koorek\u00e4kkerit ja nelja mereandide kahvlit, mis k\u00f5ik on valmistatud t\u00e4pselt roostevabast terasest ja FSC\u00ae sertifikaadiga tuhapuidust. Unikaalne pakend mitte ainult ei kaitse teie t\u00f6\u00f6riistu, vaid jutustab ka kaasahaarava loo [&hellip;]<\/p>\n","protected":false},"featured_media":40464,"template":"","meta":{"_acf_changed":false},"product_brand":[],"product_cat":[213,568],"product_tag":[],"class_list":{"0":"post-40441","1":"product","2":"type-product","3":"status-publish","4":"has-post-thumbnail","6":"product_cat-kodu","7":"product_cat-koogitarbed","8":"pa_varv-hall","10":"first","11":"instock","12":"taxable","13":"shipping-taxable","14":"purchasable","15":"product-type-variable","16":"has-default-attributes"},"acf":[],"_links":{"self":[{"href":"https:\/\/fifaa.ee\/en\/wp-json\/wp\/v2\/product\/40441","targetHints":{"allow":["GET"]}}],"collection":[{"href":"https:\/\/fifaa.ee\/en\/wp-json\/wp\/v2\/product"}],"about":[{"href":"https:\/\/fifaa.ee\/en\/wp-json\/wp\/v2\/types\/product"}],"wp:featuredmedia":[{"embeddable":true,"href":"https:\/\/fifaa.ee\/en\/wp-json\/wp\/v2\/media\/40464"}],"wp:attachment":[{"href":"https:\/\/fifaa.ee\/en\/wp-json\/wp\/v2\/media?parent=40441"}],"wp:term":[{"taxonomy":"product_brand","embeddable":true,"href":"https:\/\/fifaa.ee\/en\/wp-json\/wp\/v2\/product_brand?post=40441"},{"taxonomy":"product_cat","embeddable":true,"href":"https:\/\/fifaa.ee\/en\/wp-json\/wp\/v2\/product_cat?post=40441"},{"taxonomy":"product_tag","embeddable":true,"href":"https:\/\/fifaa.ee\/en\/wp-json\/wp\/v2\/product_tag?post=40441"}],"curies":[{"name":"wp","href":"https:\/\/api.w.org\/{rel}","templated":true}]}}