{"id":40442,"date":"2025-01-28T17:38:22","date_gmt":"2025-01-28T15:38:22","guid":{"rendered":"https:\/\/fifaa.ee\/?post_type=product&#038;p=40442"},"modified":"2026-04-01T20:36:47","modified_gmt":"2026-04-01T17:36:47","slug":"vinga-juustu-lugu","status":"publish","type":"product","link":"https:\/\/fifaa.ee\/en\/product\/vinga-juustu-lugu\/","title":{"rendered":"VINGA Story of cheese"},"content":{"rendered":"<p>Discover the rich world of cheese with the Story of Cheese cheese set, elegantly packaged in a gift box reminiscent of a classic book. This set includes a fork cheese knife, a cheddar cheese knife and a parmesan knife. All made of stainless steel and acacia wood. The unique packaging not only protects your tools, but also tells a captivating story about cheese, making it a great gift for any occasion. Perfect for cheese lovers, this set combines functionality with storytelling design, making every cheese tasting experience a memorable journey. The gift box is made of FSC\u00ae certified paper.<\/p>","protected":false},"excerpt":{"rendered":"<p>Avastage rikkalik juustumaailm juustukomplektiga Story of juustu, mis on elegantselt pakitud klassikalist raamatut meenutavasse kinkekarpi. See komplekt sisaldab haruga juustunuga, cheddari juustu nuga ja parmesani nuga. K\u00f5ik on valmistatud roostevabast terasest ja akaatsiapuust. Unikaalne pakend mitte ainult ei kaitse teie t\u00f6\u00f6riistu, vaid jutustab ka k\u00fctkestava loo juustust, muutes selle suurep\u00e4raseks kingituseks igaks s\u00fcndmuseks. See juustuhuvilistele [&hellip;]<\/p>\n","protected":false},"featured_media":40466,"template":"","meta":{"_acf_changed":false},"product_brand":[],"product_cat":[213,568],"product_tag":[],"class_list":{"0":"post-40442","1":"product","2":"type-product","3":"status-publish","4":"has-post-thumbnail","6":"product_cat-kodu","7":"product_cat-koogitarbed","8":"pa_varv-pruun","10":"first","11":"instock","12":"taxable","13":"shipping-taxable","14":"purchasable","15":"product-type-variable","16":"has-default-attributes"},"acf":[],"_links":{"self":[{"href":"https:\/\/fifaa.ee\/en\/wp-json\/wp\/v2\/product\/40442","targetHints":{"allow":["GET"]}}],"collection":[{"href":"https:\/\/fifaa.ee\/en\/wp-json\/wp\/v2\/product"}],"about":[{"href":"https:\/\/fifaa.ee\/en\/wp-json\/wp\/v2\/types\/product"}],"wp:featuredmedia":[{"embeddable":true,"href":"https:\/\/fifaa.ee\/en\/wp-json\/wp\/v2\/media\/40466"}],"wp:attachment":[{"href":"https:\/\/fifaa.ee\/en\/wp-json\/wp\/v2\/media?parent=40442"}],"wp:term":[{"taxonomy":"product_brand","embeddable":true,"href":"https:\/\/fifaa.ee\/en\/wp-json\/wp\/v2\/product_brand?post=40442"},{"taxonomy":"product_cat","embeddable":true,"href":"https:\/\/fifaa.ee\/en\/wp-json\/wp\/v2\/product_cat?post=40442"},{"taxonomy":"product_tag","embeddable":true,"href":"https:\/\/fifaa.ee\/en\/wp-json\/wp\/v2\/product_tag?post=40442"}],"curies":[{"name":"wp","href":"https:\/\/api.w.org\/{rel}","templated":true}]}}