{"id":40443,"date":"2025-01-28T17:38:23","date_gmt":"2025-01-28T15:38:23","guid":{"rendered":"https:\/\/fifaa.ee\/?post_type=product&#038;p=40443"},"modified":"2026-04-01T20:36:47","modified_gmt":"2026-04-01T17:36:47","slug":"vinga-aia-lugu","status":"publish","type":"product","link":"https:\/\/fifaa.ee\/en\/product\/vinga-aia-lugu\/","title":{"rendered":"VINGA Story of garden"},"content":{"rendered":"<p>Discover the fascinating world of indoor gardening with the Story of Garden garden set, beautifully packaged in a gift box that resembles a classic book. This set includes a rake, a spade made of stainless steel and acacia wood, and classic herb shears made of sturdy iron. These tools will help you care for your houseplants with ease. The unique packaging not only protects your tools, but also tells an engaging story, making it the perfect gift for plant lovers. The gift box is made of FSC\u00ae certified paper.<\/p>","protected":false},"excerpt":{"rendered":"<p>Avastage siseaianduse lummav maailm aiakomplektiga Story of Garden, mis on kaunilt pakitud kinkekarpi, mis meenutab klassikalist raamatut. See komplekt sisaldab reha, roostevabast terasest ja akaatsiapuust valmistatud labidat ning klassikalisi tugevast rauast valmistatud \u00fcrdik\u00e4\u00e4risid. Need t\u00f6\u00f6riistad aitavad teil toataimi h\u00f5lpsalt hooldada. Unikaalne pakend mitte ainult ei kaitse teie t\u00f6\u00f6riistu, vaid jutustab ka kaasahaarava loo, muutes selle [&hellip;]<\/p>\n","protected":false},"featured_media":40468,"template":"","meta":{"_acf_changed":false},"product_brand":[],"product_cat":[213,568],"product_tag":[],"class_list":{"0":"post-40443","1":"product","2":"type-product","3":"status-publish","4":"has-post-thumbnail","6":"product_cat-kodu","7":"product_cat-koogitarbed","8":"pa_varv-roheline","10":"first","11":"instock","12":"taxable","13":"shipping-taxable","14":"purchasable","15":"product-type-variable","16":"has-default-attributes"},"acf":[],"_links":{"self":[{"href":"https:\/\/fifaa.ee\/en\/wp-json\/wp\/v2\/product\/40443","targetHints":{"allow":["GET"]}}],"collection":[{"href":"https:\/\/fifaa.ee\/en\/wp-json\/wp\/v2\/product"}],"about":[{"href":"https:\/\/fifaa.ee\/en\/wp-json\/wp\/v2\/types\/product"}],"wp:featuredmedia":[{"embeddable":true,"href":"https:\/\/fifaa.ee\/en\/wp-json\/wp\/v2\/media\/40468"}],"wp:attachment":[{"href":"https:\/\/fifaa.ee\/en\/wp-json\/wp\/v2\/media?parent=40443"}],"wp:term":[{"taxonomy":"product_brand","embeddable":true,"href":"https:\/\/fifaa.ee\/en\/wp-json\/wp\/v2\/product_brand?post=40443"},{"taxonomy":"product_cat","embeddable":true,"href":"https:\/\/fifaa.ee\/en\/wp-json\/wp\/v2\/product_cat?post=40443"},{"taxonomy":"product_tag","embeddable":true,"href":"https:\/\/fifaa.ee\/en\/wp-json\/wp\/v2\/product_tag?post=40443"}],"curies":[{"name":"wp","href":"https:\/\/api.w.org\/{rel}","templated":true}]}}