{"id":40477,"date":"2025-01-28T17:38:41","date_gmt":"2025-01-28T15:38:41","guid":{"rendered":"https:\/\/fifaa.ee\/product\/vinga-monte-heritage-cocotte-55l\/"},"modified":"2026-04-01T20:37:10","modified_gmt":"2026-04-01T17:37:10","slug":"vinga-monte-heritage-cocotte-55l","status":"publish","type":"product","link":"https:\/\/fifaa.ee\/en\/product\/vinga-monte-heritage-cocotte-55l\/","title":{"rendered":"VINGA Monte heritage cocotte 5.5 L"},"content":{"rendered":"<p>Experience the Monte Heritage series cast iron skillet, a timeless addition to your kitchen. Made from sturdy cast iron and coated with sober enamel in vibrant colors. With a French bistro feel and a brass-colored knob, it adds sophistication to any culinary space. Designed for safe handling, the pot has sturdy handles for safe and comfortable maneuvering. The slightly textured interior gradually develops a non-stick patina that makes cleaning easier and improves cooking. Thanks to cast iron&#039;s excellent heating properties, this pot is perfect for slow cooking and simmering. Compatible with all stove types, including induction, the Monte Heritage pot offers versatility for different cooking methods. With proper care, a cast iron skillet will last for many years and can be passed down from generation to generation.<\/p>","protected":false},"excerpt":{"rendered":"<p>Kogege Monte Heritage seeria malmkokteili, mis on teie k\u00f6\u00f6gi ajatu lisand. Valmistatud tugevast malmist ja kaetud kainete v\u00e4rvidega emailiga. Prantsuse bistroo-tunnetuse ja messingv\u00e4rvi nupuga lisab see igasse kulinaarsesse ruumi rafineeritust. Turvaliseks k\u00e4sitsemiseks loodud potil on tugevad k\u00e4epidemed, mis tagavad ohutu ja mugava man\u00f6\u00f6verdamise. Veidi tekstuursemas sisemuses tekib j\u00e4rk-j\u00e4rgult mittenakkuva paatina, mis lihtsustab puhastamist ja parandab [&hellip;]<\/p>\n","protected":false},"featured_media":40476,"template":"","meta":{"_acf_changed":false},"product_brand":[],"product_cat":[213,568],"product_tag":[659],"class_list":{"0":"post-40477","1":"product","2":"type-product","3":"status-publish","4":"has-post-thumbnail","6":"product_cat-kodu","7":"product_cat-koogitarbed","8":"product_tag-more-colors","9":"pa_varv-hall","10":"pa_varv-must","11":"pa_varv-sinine","13":"first","14":"instock","15":"taxable","16":"shipping-taxable","17":"purchasable","18":"product-type-variable","19":"has-default-attributes"},"acf":[],"_links":{"self":[{"href":"https:\/\/fifaa.ee\/en\/wp-json\/wp\/v2\/product\/40477","targetHints":{"allow":["GET"]}}],"collection":[{"href":"https:\/\/fifaa.ee\/en\/wp-json\/wp\/v2\/product"}],"about":[{"href":"https:\/\/fifaa.ee\/en\/wp-json\/wp\/v2\/types\/product"}],"wp:featuredmedia":[{"embeddable":true,"href":"https:\/\/fifaa.ee\/en\/wp-json\/wp\/v2\/media\/40476"}],"wp:attachment":[{"href":"https:\/\/fifaa.ee\/en\/wp-json\/wp\/v2\/media?parent=40477"}],"wp:term":[{"taxonomy":"product_brand","embeddable":true,"href":"https:\/\/fifaa.ee\/en\/wp-json\/wp\/v2\/product_brand?post=40477"},{"taxonomy":"product_cat","embeddable":true,"href":"https:\/\/fifaa.ee\/en\/wp-json\/wp\/v2\/product_cat?post=40477"},{"taxonomy":"product_tag","embeddable":true,"href":"https:\/\/fifaa.ee\/en\/wp-json\/wp\/v2\/product_tag?post=40477"}],"curies":[{"name":"wp","href":"https:\/\/api.w.org\/{rel}","templated":true}]}}