{"id":40480,"date":"2025-01-28T17:38:41","date_gmt":"2025-01-28T15:38:41","guid":{"rendered":"https:\/\/fifaa.ee\/?post_type=product&#038;p=40480"},"modified":"2026-04-01T20:37:32","modified_gmt":"2026-04-01T17:37:32","slug":"vinga-retro-soola-pipra-komplekt","status":"publish","type":"product","link":"https:\/\/fifaa.ee\/en\/product\/vinga-retro-soola-pipra-komplekt\/","title":{"rendered":"VINGA Retro salt &amp; pepper set"},"content":{"rendered":"<p>A retro salt and pepper set with a classic Scandinavian design, made of beautiful FSC-certified ash wood. The pepper mill has an adjustable ceramic grinder that ensures precise grinding, allowing you to easily switch between coarse and fine pepper to suit your taste. The set includes a practical tray to capture stray salt or peppercorns. The set with a timeless Scandinavian design adds sophistication to any environment, whether at home or in a restaurant.<\/p>","protected":false},"excerpt":{"rendered":"<p>Klassikalise Skandinaavia disainiga retro soola ja pipra komplekt, mis on valmistatud ilusast FSC-sertifikaadiga tuhapuidust. Pipraveskil on reguleeritav keraamiline veski, mis tagab t\u00e4pse jahvatamise, mis v\u00f5imaldab teil h\u00f5lpsasti vahetada j\u00e4meda ja peene pipra vahel vastavalt oma maitsele. Komplektis on praktiline kandik, kuhu j\u00e4\u00e4dvustada hulkuvaid soola- v\u00f5i pipraterad. Ajatu Skandinaavia disainiga komplekt lisab rafineeritust igale keskkonnale, olgu [&hellip;]<\/p>\n","protected":false},"featured_media":40502,"template":"","meta":{"_acf_changed":false},"product_brand":[],"product_cat":[213,568],"product_tag":[],"class_list":{"0":"post-40480","1":"product","2":"type-product","3":"status-publish","4":"has-post-thumbnail","6":"product_cat-kodu","7":"product_cat-koogitarbed","8":"pa_varv-pruun","10":"first","11":"instock","12":"taxable","13":"shipping-taxable","14":"purchasable","15":"product-type-variable","16":"has-default-attributes"},"acf":[],"_links":{"self":[{"href":"https:\/\/fifaa.ee\/en\/wp-json\/wp\/v2\/product\/40480","targetHints":{"allow":["GET"]}}],"collection":[{"href":"https:\/\/fifaa.ee\/en\/wp-json\/wp\/v2\/product"}],"about":[{"href":"https:\/\/fifaa.ee\/en\/wp-json\/wp\/v2\/types\/product"}],"wp:featuredmedia":[{"embeddable":true,"href":"https:\/\/fifaa.ee\/en\/wp-json\/wp\/v2\/media\/40502"}],"wp:attachment":[{"href":"https:\/\/fifaa.ee\/en\/wp-json\/wp\/v2\/media?parent=40480"}],"wp:term":[{"taxonomy":"product_brand","embeddable":true,"href":"https:\/\/fifaa.ee\/en\/wp-json\/wp\/v2\/product_brand?post=40480"},{"taxonomy":"product_cat","embeddable":true,"href":"https:\/\/fifaa.ee\/en\/wp-json\/wp\/v2\/product_cat?post=40480"},{"taxonomy":"product_tag","embeddable":true,"href":"https:\/\/fifaa.ee\/en\/wp-json\/wp\/v2\/product_tag?post=40480"}],"curies":[{"name":"wp","href":"https:\/\/api.w.org\/{rel}","templated":true}]}}