{"id":40484,"date":"2025-01-28T17:38:41","date_gmt":"2025-01-28T15:38:41","guid":{"rendered":"https:\/\/fifaa.ee\/?post_type=product&#038;p=40484"},"modified":"2026-04-01T20:38:03","modified_gmt":"2026-04-01T17:38:03","slug":"vinga-veini-lugu","status":"publish","type":"product","link":"https:\/\/fifaa.ee\/en\/product\/vinga-veini-lugu\/","title":{"rendered":"VINGA Story of wine"},"content":{"rendered":"<p>Embark on an intricate journey with the Story of Wine set, elegantly packaged in a gift box that resembles a classic book. This set includes a waiter&#039;s corkscrew, a silicone bottle stopper to keep your wine fresher longer, and a drip cap for drip-free pouring. The unique packaging not only protects your tools, but also tells an engaging story about wine, making it a great gift for wine lovers. The gift box is made from FSC\u00ae certified paper.<\/p>","protected":false},"excerpt":{"rendered":"<p>Alustage keerukat teekonda komplektiga Story of Wine, mis on elegantselt pakitud klassikalist raamatut meenutavasse kinkekarpi. Selles komplektis on ettekandja korgitser, silikoonpudeli kork, mis hoiab teie veini kauem v\u00e4rskena, ja tilgakork tilgavabaks valamiseks. Unikaalne pakend mitte ainult ei kaitse teie t\u00f6\u00f6riistu, vaid jutustab ka kaasahaarava loo veinist, muutes selle suurep\u00e4raseks kingituseks veinihuvilistele. Kinkekarp on valmistatud FSC\u00ae [&hellip;]<\/p>\n","protected":false},"featured_media":40514,"template":"","meta":{"_acf_changed":false},"product_brand":[],"product_cat":[213,650],"product_tag":[],"class_list":{"0":"post-40484","1":"product","2":"type-product","3":"status-publish","4":"has-post-thumbnail","6":"product_cat-kodu","7":"product_cat-veini-ja-baaritarvikud","8":"pa_varv-valge-new","10":"first","11":"instock","12":"taxable","13":"shipping-taxable","14":"purchasable","15":"product-type-variable","16":"has-default-attributes"},"acf":[],"_links":{"self":[{"href":"https:\/\/fifaa.ee\/en\/wp-json\/wp\/v2\/product\/40484","targetHints":{"allow":["GET"]}}],"collection":[{"href":"https:\/\/fifaa.ee\/en\/wp-json\/wp\/v2\/product"}],"about":[{"href":"https:\/\/fifaa.ee\/en\/wp-json\/wp\/v2\/types\/product"}],"wp:featuredmedia":[{"embeddable":true,"href":"https:\/\/fifaa.ee\/en\/wp-json\/wp\/v2\/media\/40514"}],"wp:attachment":[{"href":"https:\/\/fifaa.ee\/en\/wp-json\/wp\/v2\/media?parent=40484"}],"wp:term":[{"taxonomy":"product_brand","embeddable":true,"href":"https:\/\/fifaa.ee\/en\/wp-json\/wp\/v2\/product_brand?post=40484"},{"taxonomy":"product_cat","embeddable":true,"href":"https:\/\/fifaa.ee\/en\/wp-json\/wp\/v2\/product_cat?post=40484"},{"taxonomy":"product_tag","embeddable":true,"href":"https:\/\/fifaa.ee\/en\/wp-json\/wp\/v2\/product_tag?post=40484"}],"curies":[{"name":"wp","href":"https:\/\/api.w.org\/{rel}","templated":true}]}}