{"id":40485,"date":"2025-01-28T17:38:42","date_gmt":"2025-01-28T15:38:42","guid":{"rendered":"https:\/\/fifaa.ee\/?post_type=product&#038;p=40485"},"modified":"2026-04-01T20:38:26","modified_gmt":"2026-04-01T17:38:26","slug":"vinga-mocktaili-lugu","status":"publish","type":"product","link":"https:\/\/fifaa.ee\/en\/product\/vinga-mocktaili-lugu\/","title":{"rendered":"VINGA Story of mocktail"},"content":{"rendered":"<p>Immerse yourself in the vibrant world of cocktails with the Story of Mocktail Set, elegantly packaged in a gift box that resembles a classic book. This set includes an FSC\u00ae-certified acacia wood stirrer, a stainless steel jigger and a twisted bar spoon, all of which will help you make the perfect drink. The unique packaging not only protects your tools, but also helps you create your own fun and delicious cocktails, making it the perfect gift for any mixology enthusiast. The gift box is made from FSC\u00ae-certified paper.<\/p>","protected":false},"excerpt":{"rendered":"<p>Sukelduge kokteilide elavasse maailma koos Story of Mocktaili komplektiga, mis on elegantselt pakitud klassikalist raamatut meenutavasse kinkekarpi. Sellesse komplekti kuuluvad FSC\u00ae-sertifikaadiga akaatsia puidust segaja, roostevabast terasest jigger ja keerutatud baarilusikas, mis k\u00f5ik aitavad teil valmistada t\u00e4iuslikku jooki. Unikaalne pakend mitte ainult ei kaitse teie t\u00f6\u00f6riistu, vaid aitab teil luua ka ise l\u00f5busaid ja maitsvaid kokteilisid, [&hellip;]<\/p>\n","protected":false},"featured_media":40516,"template":"","meta":{"_acf_changed":false},"product_brand":[],"product_cat":[213,650],"product_tag":[],"class_list":{"0":"post-40485","1":"product","2":"type-product","3":"status-publish","4":"has-post-thumbnail","6":"product_cat-kodu","7":"product_cat-veini-ja-baaritarvikud","8":"pa_varv-sinine","10":"first","11":"instock","12":"taxable","13":"shipping-taxable","14":"purchasable","15":"product-type-variable","16":"has-default-attributes"},"acf":[],"_links":{"self":[{"href":"https:\/\/fifaa.ee\/en\/wp-json\/wp\/v2\/product\/40485","targetHints":{"allow":["GET"]}}],"collection":[{"href":"https:\/\/fifaa.ee\/en\/wp-json\/wp\/v2\/product"}],"about":[{"href":"https:\/\/fifaa.ee\/en\/wp-json\/wp\/v2\/types\/product"}],"wp:featuredmedia":[{"embeddable":true,"href":"https:\/\/fifaa.ee\/en\/wp-json\/wp\/v2\/media\/40516"}],"wp:attachment":[{"href":"https:\/\/fifaa.ee\/en\/wp-json\/wp\/v2\/media?parent=40485"}],"wp:term":[{"taxonomy":"product_brand","embeddable":true,"href":"https:\/\/fifaa.ee\/en\/wp-json\/wp\/v2\/product_brand?post=40485"},{"taxonomy":"product_cat","embeddable":true,"href":"https:\/\/fifaa.ee\/en\/wp-json\/wp\/v2\/product_cat?post=40485"},{"taxonomy":"product_tag","embeddable":true,"href":"https:\/\/fifaa.ee\/en\/wp-json\/wp\/v2\/product_tag?post=40485"}],"curies":[{"name":"wp","href":"https:\/\/api.w.org\/{rel}","templated":true}]}}