{"id":40487,"date":"2025-01-28T17:38:42","date_gmt":"2025-01-28T15:38:42","guid":{"rendered":"https:\/\/fifaa.ee\/?post_type=product&#038;p=40487"},"modified":"2026-04-01T20:38:26","modified_gmt":"2026-04-01T17:38:26","slug":"vinga-nuvem-serveerimiskauss","status":"publish","type":"product","link":"https:\/\/fifaa.ee\/en\/product\/vinga-nuvem-serveerimiskauss\/","title":{"rendered":"VINGA Nuvem serving bowl"},"content":{"rendered":"<p>A stoneware serving bowl that is a must-have addition to any dining table. With its unique, organic irregular shapes and hand-glazed finish, each piece is unique and is sure to impress your guests. Made from durable stoneware, it is designed to last and withstand the wear and tear of everyday use. This serving bowl is dishwasher safe for easy cleaning and maintenance. Not suitable for use in the microwave or oven.<\/p>","protected":false},"excerpt":{"rendered":"<p>Kivist serveerimiskauss, mis on kohustuslik lisand igale s\u00f6\u00f6gilauale. Oma ainulaadsete, orgaaniliste eba\u00fchtlaste kujude ja k\u00e4sitsi klaasitud viimistlusega on iga t\u00fckk ainulaadne ja avaldab teie k\u00fclalistele kindlasti muljet. Valmistatud vastupidavast kivikeraamikast, see on loodud kestma ja taluma igap\u00e4evase kasutamise kulumist. See serveerimiskauss on n\u00f5udepesumasinas pestav, et seda oleks lihtne puhastada ja hooldada. Ei sobi kasutamiseks mikrolaineahjus [&hellip;]<\/p>\n","protected":false},"featured_media":40520,"template":"","meta":{"_acf_changed":false},"product_brand":[],"product_cat":[213,568],"product_tag":[],"class_list":{"0":"post-40487","1":"product","2":"type-product","3":"status-publish","4":"has-post-thumbnail","6":"product_cat-kodu","7":"product_cat-koogitarbed","8":"pa_varv-beez","10":"first","11":"instock","12":"taxable","13":"shipping-taxable","14":"purchasable","15":"product-type-variable","16":"has-default-attributes"},"acf":[],"_links":{"self":[{"href":"https:\/\/fifaa.ee\/en\/wp-json\/wp\/v2\/product\/40487","targetHints":{"allow":["GET"]}}],"collection":[{"href":"https:\/\/fifaa.ee\/en\/wp-json\/wp\/v2\/product"}],"about":[{"href":"https:\/\/fifaa.ee\/en\/wp-json\/wp\/v2\/types\/product"}],"wp:featuredmedia":[{"embeddable":true,"href":"https:\/\/fifaa.ee\/en\/wp-json\/wp\/v2\/media\/40520"}],"wp:attachment":[{"href":"https:\/\/fifaa.ee\/en\/wp-json\/wp\/v2\/media?parent=40487"}],"wp:term":[{"taxonomy":"product_brand","embeddable":true,"href":"https:\/\/fifaa.ee\/en\/wp-json\/wp\/v2\/product_brand?post=40487"},{"taxonomy":"product_cat","embeddable":true,"href":"https:\/\/fifaa.ee\/en\/wp-json\/wp\/v2\/product_cat?post=40487"},{"taxonomy":"product_tag","embeddable":true,"href":"https:\/\/fifaa.ee\/en\/wp-json\/wp\/v2\/product_tag?post=40487"}],"curies":[{"name":"wp","href":"https:\/\/api.w.org\/{rel}","templated":true}]}}