{"id":40526,"date":"2025-01-28T17:39:08","date_gmt":"2025-01-28T15:39:08","guid":{"rendered":"https:\/\/fifaa.ee\/?post_type=product&#038;p=40526"},"modified":"2025-11-21T10:11:25","modified_gmt":"2025-11-21T08:11:25","slug":"vinga-ciro-rcs-taaskasutatud-terasest-lounakarp","status":"publish","type":"product","link":"https:\/\/fifaa.ee\/en\/product\/vinga-ciro-rcs-taaskasutatud-terasest-lounakarp\/","title":{"rendered":"VINGA Ciro RCS recycled steel lunch box"},"content":{"rendered":"<p>The Ciro RCS recycled steel lunch box is a practical and eco-friendly lunch solution, designed with both functionality and environmental awareness in mind. The FSC\u00ae-certified acacia wood lid has a comfortable PU strap with Velcro fastening for safe transport. Acacia wood is an organic material with natural variations in shade and color. With this lunch box, you can easily enjoy your meals while taking a step towards reducing the use of single-use containers and plastic. RCS (Recycled Claim Standard) certified RCS certification ensures that the entire supply chain of recycled materials is certified. The total recycled content is based on the total weight of the product. This product contains 36% RCS-certified recycled stainless steel. Easy to clean. Hand wash only. FSC\u00ae-certified kraft packaging included.<\/p>","protected":false},"excerpt":{"rendered":"<p>Ciro RCS taaskasutatud terasest l\u00f5unakarp on praktiline ja keskkonnas\u00f5bralik l\u00f5unas\u00f6\u00f6gilahendus, mis on v\u00e4lja t\u00f6\u00f6tatud nii funktsionaalsuse kui ka keskkonnateadlikkusega. FSC\u00ae-sertifikaadiga akaatsiapuidust kaanel on mugav takjakinnisega PU-rihm, mis tagab turvalise transpordi. Akaatsiapuit on orgaaniline materjal, mille varju ja v\u00e4rvi erinevused on loomulikud. Selle l\u00f5unakarbiga saate h\u00f5lpsalt oma eineid nautida, tehes samal ajal sammu \u00fchekordsete anumate ja [&hellip;]<\/p>\n","protected":false},"featured_media":40537,"template":"","meta":{"_acf_changed":false},"product_brand":[],"product_cat":[213,568],"product_tag":[],"class_list":{"0":"post-40526","1":"product","2":"type-product","3":"status-publish","4":"has-post-thumbnail","6":"product_cat-kodu","7":"product_cat-koogitarbed","9":"first","10":"outofstock","11":"taxable","12":"shipping-taxable","13":"product-type-variable","14":"has-default-attributes"},"acf":[],"_links":{"self":[{"href":"https:\/\/fifaa.ee\/en\/wp-json\/wp\/v2\/product\/40526","targetHints":{"allow":["GET"]}}],"collection":[{"href":"https:\/\/fifaa.ee\/en\/wp-json\/wp\/v2\/product"}],"about":[{"href":"https:\/\/fifaa.ee\/en\/wp-json\/wp\/v2\/types\/product"}],"wp:featuredmedia":[{"embeddable":true,"href":"https:\/\/fifaa.ee\/en\/wp-json\/wp\/v2\/media\/40537"}],"wp:attachment":[{"href":"https:\/\/fifaa.ee\/en\/wp-json\/wp\/v2\/media?parent=40526"}],"wp:term":[{"taxonomy":"product_brand","embeddable":true,"href":"https:\/\/fifaa.ee\/en\/wp-json\/wp\/v2\/product_brand?post=40526"},{"taxonomy":"product_cat","embeddable":true,"href":"https:\/\/fifaa.ee\/en\/wp-json\/wp\/v2\/product_cat?post=40526"},{"taxonomy":"product_tag","embeddable":true,"href":"https:\/\/fifaa.ee\/en\/wp-json\/wp\/v2\/product_tag?post=40526"}],"curies":[{"name":"wp","href":"https:\/\/api.w.org\/{rel}","templated":true}]}}