{"id":40531,"date":"2025-01-28T17:39:08","date_gmt":"2025-01-28T15:39:08","guid":{"rendered":"https:\/\/fifaa.ee\/?post_type=product&#038;p=40531"},"modified":"2026-04-01T20:38:50","modified_gmt":"2026-04-01T17:38:50","slug":"vinga-timo-pu-rcs-rpet-pliiatsihoidja","status":"publish","type":"product","link":"https:\/\/fifaa.ee\/en\/product\/vinga-timo-pu-rcs-rpet-pliiatsihoidja\/","title":{"rendered":"VINGA Timo PU RCS RPET pen holder"},"content":{"rendered":"<p>Complete your workspace with the Timo pen holder and experience the perfect blend of practicality and sophistication. There are buttons in each corner. When the corners are buttoned together, it becomes a convenient holder. Dimensions L: 6 cm x W: 6 cm x H: 10 cm when assembled, it is perfect for organizing your desk essentials. The detailed edge stitching adds precision. RCS (Recycled Claim Standard) certified RSC certification ensures that the entire recycled material supply chain is certified. The total recycled content is based on the total weight of the product. This product contains 33% RCS certified recycled polyester.<\/p>","protected":false},"excerpt":{"rendered":"<p>T\u00e4iendage oma t\u00f6\u00f6ruumi Timo pliiatsihoidjaga ja kogege t\u00e4iuslikku praktilisuse ja keerukuse segu. Igas nurgas on nupud. Kui nurgad on kokku n\u00f6\u00f6bitud, muutub see mugavaks hoidjaks. M\u00f5\u00f5dud L: 6 cm x L: 6 cm x K: 10 cm kokkupanduna sobib see suurep\u00e4raselt teie lauale vajalike asjade korrastamiseks. Detailide servade \u00f5mblemine lisab t\u00e4psust. RCS (Recycled Claim Standard) [&hellip;]<\/p>\n","protected":false},"featured_media":40555,"template":"","meta":{"_acf_changed":false},"product_brand":[],"product_cat":[589,633],"product_tag":[659],"class_list":{"0":"post-40531","1":"product","2":"type-product","3":"status-publish","4":"has-post-thumbnail","6":"product_cat-elektroonika","7":"product_cat-lauatarvikud","8":"product_tag-more-colors","9":"pa_varv-must","10":"pa_varv-pruun","12":"first","13":"instock","14":"taxable","15":"shipping-taxable","16":"purchasable","17":"product-type-variable","18":"has-default-attributes"},"acf":[],"_links":{"self":[{"href":"https:\/\/fifaa.ee\/en\/wp-json\/wp\/v2\/product\/40531","targetHints":{"allow":["GET"]}}],"collection":[{"href":"https:\/\/fifaa.ee\/en\/wp-json\/wp\/v2\/product"}],"about":[{"href":"https:\/\/fifaa.ee\/en\/wp-json\/wp\/v2\/types\/product"}],"wp:featuredmedia":[{"embeddable":true,"href":"https:\/\/fifaa.ee\/en\/wp-json\/wp\/v2\/media\/40555"}],"wp:attachment":[{"href":"https:\/\/fifaa.ee\/en\/wp-json\/wp\/v2\/media?parent=40531"}],"wp:term":[{"taxonomy":"product_brand","embeddable":true,"href":"https:\/\/fifaa.ee\/en\/wp-json\/wp\/v2\/product_brand?post=40531"},{"taxonomy":"product_cat","embeddable":true,"href":"https:\/\/fifaa.ee\/en\/wp-json\/wp\/v2\/product_cat?post=40531"},{"taxonomy":"product_tag","embeddable":true,"href":"https:\/\/fifaa.ee\/en\/wp-json\/wp\/v2\/product_tag?post=40531"}],"curies":[{"name":"wp","href":"https:\/\/api.w.org\/{rel}","templated":true}]}}