{"id":40534,"date":"2025-01-28T17:39:08","date_gmt":"2025-01-28T15:39:08","guid":{"rendered":"https:\/\/fifaa.ee\/?post_type=product&#038;p=40534"},"modified":"2026-04-01T20:39:11","modified_gmt":"2026-04-01T17:39:11","slug":"vinga-timo-pu-rcs-rpet-lauapadi","status":"publish","type":"product","link":"https:\/\/fifaa.ee\/en\/product\/vinga-timo-pu-rcs-rpet-lauapadi\/","title":{"rendered":"VINGA Timo PU RCS RPET desk pad"},"content":{"rendered":"<p>Elevate your workspace with the Timo desk pad and experience the perfect combination of functionality and sophistication. This desk pad offers both style and durability. Its double-layer PU construction ensures stability on your desk, while detailed stitching adds a finishing touch. Large dimensions L: 75 cm x W: 40 cm. RCS (Recycled Claim Standard) certified RSC certification ensures that the entire recycled material supply chain is certified. Total recycled content is based on the total weight of the product. This product contains 43% RCS certified recycled polyester.<\/p>","protected":false},"excerpt":{"rendered":"<p>T\u00f5stke oma t\u00f6\u00f6ala Timo lauapadjaga k\u00f5rgemale ja kogege t\u00e4iuslikku funktsionaalsuse ja keerukuse kombinatsiooni. See lauapadi pakub nii stiili kui ka vastupidavust. Selle kahekihiline PU-konstruktsioon tagab teie laual stabiilsuse, samas kui detailide \u00f5mblemine lisab viimistlust. Suurte m\u00f5\u00f5tmetega P: 75 cm x L: 40 cm. RCS (Recycled Claim Standard) sertifitseeritud RSC sertifikaat tagab, et kogu taaskasutatud materjalide [&hellip;]<\/p>\n","protected":false},"featured_media":40567,"template":"","meta":{"_acf_changed":false},"product_brand":[],"product_cat":[589,633],"product_tag":[659],"class_list":{"0":"post-40534","1":"product","2":"type-product","3":"status-publish","4":"has-post-thumbnail","6":"product_cat-elektroonika","7":"product_cat-lauatarvikud","8":"product_tag-more-colors","9":"pa_varv-must","10":"pa_varv-pruun","12":"first","13":"instock","14":"taxable","15":"shipping-taxable","16":"purchasable","17":"product-type-variable","18":"has-default-attributes"},"acf":[],"_links":{"self":[{"href":"https:\/\/fifaa.ee\/en\/wp-json\/wp\/v2\/product\/40534","targetHints":{"allow":["GET"]}}],"collection":[{"href":"https:\/\/fifaa.ee\/en\/wp-json\/wp\/v2\/product"}],"about":[{"href":"https:\/\/fifaa.ee\/en\/wp-json\/wp\/v2\/types\/product"}],"wp:featuredmedia":[{"embeddable":true,"href":"https:\/\/fifaa.ee\/en\/wp-json\/wp\/v2\/media\/40567"}],"wp:attachment":[{"href":"https:\/\/fifaa.ee\/en\/wp-json\/wp\/v2\/media?parent=40534"}],"wp:term":[{"taxonomy":"product_brand","embeddable":true,"href":"https:\/\/fifaa.ee\/en\/wp-json\/wp\/v2\/product_brand?post=40534"},{"taxonomy":"product_cat","embeddable":true,"href":"https:\/\/fifaa.ee\/en\/wp-json\/wp\/v2\/product_cat?post=40534"},{"taxonomy":"product_tag","embeddable":true,"href":"https:\/\/fifaa.ee\/en\/wp-json\/wp\/v2\/product_tag?post=40534"}],"curies":[{"name":"wp","href":"https:\/\/api.w.org\/{rel}","templated":true}]}}