{"id":40535,"date":"2025-01-28T17:39:08","date_gmt":"2025-01-28T15:39:08","guid":{"rendered":"https:\/\/fifaa.ee\/?post_type=product&#038;p=40535"},"modified":"2026-04-01T20:39:11","modified_gmt":"2026-04-01T17:39:11","slug":"vinga-timo-pu-rcs-rpet-kandik","status":"publish","type":"product","link":"https:\/\/fifaa.ee\/en\/product\/vinga-timo-pu-rcs-rpet-kandik\/","title":{"rendered":"VINGA Timo PU RCS RPET tray"},"content":{"rendered":"<p>Enhance your space with the Timo tray, where practicality meets sophistication. Equipped with push buttons in each corner, it conveniently converts into a tray by snapping the corners together. Detailed stitching around the tray adds a finishing touch. Dimensions L: 22 cm x W: 12 cm x H: 5 cm when assembled, it is perfect for organising your essentials. RCS (Recycled Claim Standard) certified RSC certification ensures that the entire recycled material supply chain is certified. Total recycled content is based on the total weight of the product. This product contains 40% RCS certified recycled polyester.<\/p>","protected":false},"excerpt":{"rendered":"<p>Suurendage oma ruumi Timo kandikuga, kus praktilisus kohtub keerukusega. Varustatud igas nurgas olevate vajutusnuppudega, muutub nurgad kokku kinnitades mugavalt kandikuks. \u00dcksikasjalikud \u00f5mblused salve \u00fcmber lisavad viimistlust. M\u00f5\u00f5dud L: 22 cm x L: 12 cm x K: 5 cm kokkupanduna sobib see suurep\u00e4raselt oma h\u00e4davajalike asjade korraldamiseks. RCS (Recycled Claim Standard) sertifitseeritud RSC sertifikaat tagab, et [&hellip;]<\/p>\n","protected":false},"featured_media":40571,"template":"","meta":{"_acf_changed":false},"product_brand":[],"product_cat":[589,633],"product_tag":[659],"class_list":{"0":"post-40535","1":"product","2":"type-product","3":"status-publish","4":"has-post-thumbnail","6":"product_cat-elektroonika","7":"product_cat-lauatarvikud","8":"product_tag-more-colors","9":"pa_varv-must","10":"pa_varv-pruun","12":"first","13":"instock","14":"taxable","15":"shipping-taxable","16":"purchasable","17":"product-type-variable","18":"has-default-attributes"},"acf":[],"_links":{"self":[{"href":"https:\/\/fifaa.ee\/en\/wp-json\/wp\/v2\/product\/40535","targetHints":{"allow":["GET"]}}],"collection":[{"href":"https:\/\/fifaa.ee\/en\/wp-json\/wp\/v2\/product"}],"about":[{"href":"https:\/\/fifaa.ee\/en\/wp-json\/wp\/v2\/types\/product"}],"wp:featuredmedia":[{"embeddable":true,"href":"https:\/\/fifaa.ee\/en\/wp-json\/wp\/v2\/media\/40571"}],"wp:attachment":[{"href":"https:\/\/fifaa.ee\/en\/wp-json\/wp\/v2\/media?parent=40535"}],"wp:term":[{"taxonomy":"product_brand","embeddable":true,"href":"https:\/\/fifaa.ee\/en\/wp-json\/wp\/v2\/product_brand?post=40535"},{"taxonomy":"product_cat","embeddable":true,"href":"https:\/\/fifaa.ee\/en\/wp-json\/wp\/v2\/product_cat?post=40535"},{"taxonomy":"product_tag","embeddable":true,"href":"https:\/\/fifaa.ee\/en\/wp-json\/wp\/v2\/product_tag?post=40535"}],"curies":[{"name":"wp","href":"https:\/\/api.w.org\/{rel}","templated":true}]}}