{"id":40574,"date":"2025-01-28T17:39:29","date_gmt":"2025-01-28T15:39:29","guid":{"rendered":"https:\/\/fifaa.ee\/?post_type=product&#038;p=40574"},"modified":"2026-04-01T20:39:57","modified_gmt":"2026-04-01T17:39:57","slug":"vinga-saletto-villasegu-tekk","status":"publish","type":"product","link":"https:\/\/fifaa.ee\/en\/product\/vinga-saletto-villasegu-tekk\/","title":{"rendered":"Awesome Saletto wool blend blanket"},"content":{"rendered":"<p>Wrap yourself in our luxuriously soft wool blend blanket, designed to provide both warmth and style. This brushed textured blanket takes on a classic fluffy shape, adding comfort to any living space. The wool used in our blanket is mulesing-free. Made from 30% wool and 70% acrylic, this wool blend blanket is both durable and practical, making it the perfect addition to any home. OEKO-TEX\u00ae STANDARD 100. 14.HIN.50642. Hohenstein HTTI.<\/p>","protected":false},"excerpt":{"rendered":"<p>M\u00e4ssi end meie luksuslikult pehmesse villasegust teki sisse, mis on loodud pakkuma nii soojust kui ka stiili. See harjatud tekstuuriga tekk omandab klassikalise koheva vormi, lisades igale eluruumile mugavust. Meie tekis kasutatav vill on mulesingivaba. 30% villast ja 70% akr\u00fc\u00fclist valmistatud villasegu tekk on \u00fchtaegu vastupidav ja praktiline, muutes selle ideaalseks lisandiks igasse koju. OEKO-TEX\u00ae [&hellip;]<\/p>\n","protected":false},"featured_media":40593,"template":"","meta":{"_acf_changed":false},"product_brand":[],"product_cat":[213,644],"product_tag":[659],"class_list":{"0":"post-40574","1":"product","2":"type-product","3":"status-publish","4":"has-post-thumbnail","6":"product_cat-kodu","7":"product_cat-tekid","8":"product_tag-more-colors","9":"pa_varv-beez","10":"pa_varv-hall","12":"first","13":"instock","14":"taxable","15":"shipping-taxable","16":"purchasable","17":"product-type-variable","18":"has-default-attributes"},"acf":[],"_links":{"self":[{"href":"https:\/\/fifaa.ee\/en\/wp-json\/wp\/v2\/product\/40574","targetHints":{"allow":["GET"]}}],"collection":[{"href":"https:\/\/fifaa.ee\/en\/wp-json\/wp\/v2\/product"}],"about":[{"href":"https:\/\/fifaa.ee\/en\/wp-json\/wp\/v2\/types\/product"}],"wp:featuredmedia":[{"embeddable":true,"href":"https:\/\/fifaa.ee\/en\/wp-json\/wp\/v2\/media\/40593"}],"wp:attachment":[{"href":"https:\/\/fifaa.ee\/en\/wp-json\/wp\/v2\/media?parent=40574"}],"wp:term":[{"taxonomy":"product_brand","embeddable":true,"href":"https:\/\/fifaa.ee\/en\/wp-json\/wp\/v2\/product_brand?post=40574"},{"taxonomy":"product_cat","embeddable":true,"href":"https:\/\/fifaa.ee\/en\/wp-json\/wp\/v2\/product_cat?post=40574"},{"taxonomy":"product_tag","embeddable":true,"href":"https:\/\/fifaa.ee\/en\/wp-json\/wp\/v2\/product_tag?post=40574"}],"curies":[{"name":"wp","href":"https:\/\/api.w.org\/{rel}","templated":true}]}}