{"id":40576,"date":"2025-01-28T17:39:29","date_gmt":"2025-01-28T15:39:29","guid":{"rendered":"https:\/\/fifaa.ee\/?post_type=product&#038;p=40576"},"modified":"2026-04-01T20:39:57","modified_gmt":"2026-04-01T17:39:57","slug":"vinga-moulton-grs-rpet-tekk","status":"publish","type":"product","link":"https:\/\/fifaa.ee\/en\/product\/vinga-moulton-grs-rpet-tekk\/","title":{"rendered":"VINGA Moulton GRS RPET form"},"content":{"rendered":"<p>This two-tone blanket made of GRS-certified recycled polyester with one color on each side offers exceptional softness. Stylish drop stitch and PU badge detail. A blanket that adds elegance to any room. Measuring 130\u00d7170 cm, it is perfect for snuggling up on chilly evenings. GRS (Global Recycled Standard) certified GRS certification ensures that the entire recycled material supply chain is certified. The total recycled content is based on the total weight of the product. This product contains 100% GRS-certified recycled polyester. OEKO-TEX\u00ae STANDARD 100. 23.HCN.62731 Hohenstein HTTI.<\/p>","protected":false},"excerpt":{"rendered":"<p>See GRS-sertifikaadiga taaskasutatud pol\u00fcestrist valmistatud kahetooniline tekk, mille m\u00f5lemal k\u00fcljel on \u00fcks v\u00e4rv, pakub erakordset pehmust. Stiilne langetus\u00f5mblus ja PU-m\u00e4rgi detail. Tekk, mis lisab igasse ruumi elegantsi. M\u00f5\u00f5tudega 130&#215;170 cm sobib suurep\u00e4raselt jahedatel \u00f5htutel pugemiseks. GRS-i (Global Recycled Standard) sertifitseeritud GRS-sertifikaat tagab, et kogu taaskasutatud materjalide tarneahel on sertifitseeritud. Taaskasutatud kogusisaldus p\u00f5hineb toote kogukaalul. See [&hellip;]<\/p>\n","protected":false},"featured_media":40601,"template":"","meta":{"_acf_changed":false},"product_brand":[],"product_cat":[213,644],"product_tag":[659],"class_list":{"0":"post-40576","1":"product","2":"type-product","3":"status-publish","4":"has-post-thumbnail","6":"product_cat-kodu","7":"product_cat-tekid","8":"product_tag-more-colors","9":"pa_varv-beez","10":"pa_varv-hall","11":"pa_varv-roheline","13":"first","14":"instock","15":"taxable","16":"shipping-taxable","17":"purchasable","18":"product-type-variable","19":"has-default-attributes"},"acf":[],"_links":{"self":[{"href":"https:\/\/fifaa.ee\/en\/wp-json\/wp\/v2\/product\/40576","targetHints":{"allow":["GET"]}}],"collection":[{"href":"https:\/\/fifaa.ee\/en\/wp-json\/wp\/v2\/product"}],"about":[{"href":"https:\/\/fifaa.ee\/en\/wp-json\/wp\/v2\/types\/product"}],"wp:featuredmedia":[{"embeddable":true,"href":"https:\/\/fifaa.ee\/en\/wp-json\/wp\/v2\/media\/40601"}],"wp:attachment":[{"href":"https:\/\/fifaa.ee\/en\/wp-json\/wp\/v2\/media?parent=40576"}],"wp:term":[{"taxonomy":"product_brand","embeddable":true,"href":"https:\/\/fifaa.ee\/en\/wp-json\/wp\/v2\/product_brand?post=40576"},{"taxonomy":"product_cat","embeddable":true,"href":"https:\/\/fifaa.ee\/en\/wp-json\/wp\/v2\/product_cat?post=40576"},{"taxonomy":"product_tag","embeddable":true,"href":"https:\/\/fifaa.ee\/en\/wp-json\/wp\/v2\/product_tag?post=40576"}],"curies":[{"name":"wp","href":"https:\/\/api.w.org\/{rel}","templated":true}]}}