{"id":40577,"date":"2025-01-28T17:39:29","date_gmt":"2025-01-28T15:39:29","guid":{"rendered":"https:\/\/fifaa.ee\/?post_type=product&#038;p=40577"},"modified":"2026-04-01T20:40:24","modified_gmt":"2026-04-01T17:40:24","slug":"vinga-tolo-hammam-frotee-rannapontso","status":"publish","type":"product","link":"https:\/\/fifaa.ee\/en\/product\/vinga-tolo-hammam-frotee-rannapontso\/","title":{"rendered":"VINGA Tolo hammam terry beach poncho"},"content":{"rendered":"<p>Hammam poncho designed with two different textures, one side is terry and the other side is smooth. The poncho is a practical and versatile garment, ideal for the beach or poolside. It has excellent absorbency and dries quickly. The poncho is made of 75% cotton and 25% polyester and has a thickness of 360 gsm. Dimensions: 100\u00d795 cm. OEKO-TEX\u00ae STANDARD 100. 09.HIN.68091. Hohenstein HTTI.<\/p>","protected":false},"excerpt":{"rendered":"<p>Hammam pont\u0161o, mis on disainitud kahte erinevat t\u00fc\u00fcpi tekstuuriga, millest \u00fcks k\u00fclg on frotee ja teine \u200b\u200bpool sileda koega. Pont\u0161o on praktiline ja mitmek\u00fclgne r\u00f5ivas, mis sobib ideaalselt randa v\u00f5i basseini \u00e4\u00e4rde. Sellel on suurep\u00e4rane imamisv\u00f5ime ja see kuivab kiiresti. Pont\u0161o on valmistatud 75% puuvillast ja 25% pol\u00fcestrist ning selle paksus on 360 gsm. M\u00f5\u00f5dud: [&hellip;]<\/p>\n","protected":false},"featured_media":40607,"template":"","meta":{"_acf_changed":false},"product_brand":[],"product_cat":[213,652],"product_tag":[659],"class_list":{"0":"post-40577","1":"product","2":"type-product","3":"status-publish","4":"has-post-thumbnail","6":"product_cat-kodu","7":"product_cat-poncho","8":"product_tag-more-colors","9":"pa_varv-hall","10":"pa_varv-kollane","11":"pa_varv-roheline","12":"pa_varv-sinine","14":"first","15":"instock","16":"taxable","17":"shipping-taxable","18":"purchasable","19":"product-type-variable","20":"has-default-attributes"},"acf":[],"_links":{"self":[{"href":"https:\/\/fifaa.ee\/en\/wp-json\/wp\/v2\/product\/40577","targetHints":{"allow":["GET"]}}],"collection":[{"href":"https:\/\/fifaa.ee\/en\/wp-json\/wp\/v2\/product"}],"about":[{"href":"https:\/\/fifaa.ee\/en\/wp-json\/wp\/v2\/types\/product"}],"wp:featuredmedia":[{"embeddable":true,"href":"https:\/\/fifaa.ee\/en\/wp-json\/wp\/v2\/media\/40607"}],"wp:attachment":[{"href":"https:\/\/fifaa.ee\/en\/wp-json\/wp\/v2\/media?parent=40577"}],"wp:term":[{"taxonomy":"product_brand","embeddable":true,"href":"https:\/\/fifaa.ee\/en\/wp-json\/wp\/v2\/product_brand?post=40577"},{"taxonomy":"product_cat","embeddable":true,"href":"https:\/\/fifaa.ee\/en\/wp-json\/wp\/v2\/product_cat?post=40577"},{"taxonomy":"product_tag","embeddable":true,"href":"https:\/\/fifaa.ee\/en\/wp-json\/wp\/v2\/product_tag?post=40577"}],"curies":[{"name":"wp","href":"https:\/\/api.w.org\/{rel}","templated":true}]}}