{"id":40578,"date":"2025-01-28T17:39:29","date_gmt":"2025-01-28T15:39:29","guid":{"rendered":"https:\/\/fifaa.ee\/?post_type=product&#038;p=40578"},"modified":"2026-04-01T20:40:24","modified_gmt":"2026-04-01T17:40:24","slug":"vinga-ornos-grs-turgi-aurusaun-s-m","status":"publish","type":"product","link":"https:\/\/fifaa.ee\/en\/product\/vinga-ornos-grs-turgi-aurusaun-s-m\/","title":{"rendered":"VINGA Ornos GRS hammam robe S\/M"},"content":{"rendered":"<p>Bring this soft and comfortable Turkish bathrobe to the beach or simply enjoy it at home. Made from a light and airy 200gsm blend, it combines the comfort of cotton with the quick-drying benefits of polyester. Designed in a classic style with a two-tone striped pattern, it features a neat collar, front pockets, 3\/4 sleeves and a waistband for a perfect fit. GRS (Global Recycled Standard) certified GRS certification ensures that the entire recycled material supply chain is certified. The total recycled content is based on the total weight of the product. This product contains 69% GRS certified recycled cotton and 29% GRS certified recycled polyester.<\/p>","protected":false},"excerpt":{"rendered":"<p>Too see pehme ja mugav T\u00fcrgi hommikumantel randa v\u00f5i naudi seda lihtsalt kodus. Valmistatud kergest ja \u00f5hulisest 200 gsm segust, \u00fchendab see puuvilla mugavuse ja pol\u00fcestri kiiresti kuivava eelised. Kahev\u00e4rvilise triibulise mustriga klassikalises stiilis kujundatud sellel on kena krae, esitaskud, 3\/4 varrukad ja v\u00f6\u00f6rihm, mis tagab t\u00e4iusliku istuvuse. GRS-i (Global Recycled Standard) sertifitseeritud GRS-sertifikaat tagab, [&hellip;]<\/p>\n","protected":false},"featured_media":40623,"template":"","meta":{"_acf_changed":false},"product_brand":[],"product_cat":[213,277],"product_tag":[659],"class_list":{"0":"post-40578","1":"product","2":"type-product","3":"status-publish","4":"has-post-thumbnail","6":"product_cat-kodu","7":"product_cat-ratik","8":"product_tag-more-colors","9":"pa_varv-beez","10":"pa_varv-sinine","12":"first","13":"instock","14":"taxable","15":"shipping-taxable","16":"purchasable","17":"product-type-variable","18":"has-default-attributes"},"acf":[],"_links":{"self":[{"href":"https:\/\/fifaa.ee\/en\/wp-json\/wp\/v2\/product\/40578","targetHints":{"allow":["GET"]}}],"collection":[{"href":"https:\/\/fifaa.ee\/en\/wp-json\/wp\/v2\/product"}],"about":[{"href":"https:\/\/fifaa.ee\/en\/wp-json\/wp\/v2\/types\/product"}],"wp:featuredmedia":[{"embeddable":true,"href":"https:\/\/fifaa.ee\/en\/wp-json\/wp\/v2\/media\/40623"}],"wp:attachment":[{"href":"https:\/\/fifaa.ee\/en\/wp-json\/wp\/v2\/media?parent=40578"}],"wp:term":[{"taxonomy":"product_brand","embeddable":true,"href":"https:\/\/fifaa.ee\/en\/wp-json\/wp\/v2\/product_brand?post=40578"},{"taxonomy":"product_cat","embeddable":true,"href":"https:\/\/fifaa.ee\/en\/wp-json\/wp\/v2\/product_cat?post=40578"},{"taxonomy":"product_tag","embeddable":true,"href":"https:\/\/fifaa.ee\/en\/wp-json\/wp\/v2\/product_tag?post=40578"}],"curies":[{"name":"wp","href":"https:\/\/api.w.org\/{rel}","templated":true}]}}