{"id":40619,"date":"2025-01-28T17:39:51","date_gmt":"2025-01-28T15:39:51","guid":{"rendered":"https:\/\/fifaa.ee\/?post_type=product&#038;p=40619"},"modified":"2026-04-01T20:41:41","modified_gmt":"2026-04-01T17:41:41","slug":"vinga-volonne-aware-taaskasutatud-louendist-kulmikott","status":"publish","type":"product","link":"https:\/\/fifaa.ee\/en\/product\/vinga-volonne-aware-taaskasutatud-louendist-kulmikott\/","title":{"rendered":"VINGA Volonne AWARE\u2122 recycled canvas cooler tote bag"},"content":{"rendered":"<p>This cooler bag is perfect for carrying and cooling your picnic essentials or protecting your supermarket purchases to keep them fresh. Adjustable shoulder strap and sturdy handles for versatile carrying options. Made from 500gsm recycled canvas. The canvas remains undyed and unbleached, eliminating the environmental impact of chemicals. Made from 70% recycled cotton and 30% recycled polyester, the bag reinforces our commitment to responsible sourcing. It also features AWARE\u2122 tracking technology to verify the genuine use of recycled materials. 2% of the proceeds from every product sold is donated to Water.org.<\/p>","protected":false},"excerpt":{"rendered":"<p>See jahedam kott sobib ideaalselt piknikule vajalike asjade kaasaskandmiseks ja nende jahutamiseks v\u00f5i supermarketis tehtud ostude kaitsmiseks, et need v\u00e4rskena hoida. Reguleeritava \u00f5larihma ja tugevate k\u00e4epidemetega mitmek\u00fclgsete kandmisv\u00f5imaluste jaoks. Valmistatud 500 gsm \u00fcmbert\u00f6\u00f6deldud l\u00f5uendist. L\u00f5uend j\u00e4\u00e4b v\u00e4rvimata ja pleegitamata, v\u00e4listades kemikaalide keskkonnam\u00f5ju. 70% taaskasutatud puuvillast ja 30% taaskasutatud pol\u00fcestrist valmistatud kott tugevdab meie p\u00fchendumust vastutustundlikule [&hellip;]<\/p>\n","protected":false},"featured_media":40641,"template":"","meta":{"_acf_changed":false},"product_brand":[],"product_cat":[232],"product_tag":[659],"class_list":{"0":"post-40619","1":"product","2":"type-product","3":"status-publish","4":"has-post-thumbnail","6":"product_cat-kotid","7":"product_tag-more-colors","8":"pa_varv-sinine","9":"pa_varv-valge-new","11":"first","12":"instock","13":"taxable","14":"shipping-taxable","15":"purchasable","16":"product-type-variable","17":"has-default-attributes"},"acf":[],"_links":{"self":[{"href":"https:\/\/fifaa.ee\/en\/wp-json\/wp\/v2\/product\/40619","targetHints":{"allow":["GET"]}}],"collection":[{"href":"https:\/\/fifaa.ee\/en\/wp-json\/wp\/v2\/product"}],"about":[{"href":"https:\/\/fifaa.ee\/en\/wp-json\/wp\/v2\/types\/product"}],"wp:featuredmedia":[{"embeddable":true,"href":"https:\/\/fifaa.ee\/en\/wp-json\/wp\/v2\/media\/40641"}],"wp:attachment":[{"href":"https:\/\/fifaa.ee\/en\/wp-json\/wp\/v2\/media?parent=40619"}],"wp:term":[{"taxonomy":"product_brand","embeddable":true,"href":"https:\/\/fifaa.ee\/en\/wp-json\/wp\/v2\/product_brand?post=40619"},{"taxonomy":"product_cat","embeddable":true,"href":"https:\/\/fifaa.ee\/en\/wp-json\/wp\/v2\/product_cat?post=40619"},{"taxonomy":"product_tag","embeddable":true,"href":"https:\/\/fifaa.ee\/en\/wp-json\/wp\/v2\/product_tag?post=40619"}],"curies":[{"name":"wp","href":"https:\/\/api.w.org\/{rel}","templated":true}]}}