{"id":40620,"date":"2025-01-28T17:39:51","date_gmt":"2025-01-28T15:39:51","guid":{"rendered":"https:\/\/fifaa.ee\/?post_type=product&#038;p=40620"},"modified":"2026-04-01T20:41:42","modified_gmt":"2026-04-01T17:41:42","slug":"vinga-arbe-rcs-vaakumkann-1200-ml","status":"publish","type":"product","link":"https:\/\/fifaa.ee\/en\/product\/vinga-arbe-rcs-vaakumkann-1200-ml\/","title":{"rendered":"VINGA Arbe RCS vacuum jug 1200 ML"},"content":{"rendered":"<p>Keep your drink hot or cold with this stylish vacuum jug made from RCS certified recycled stainless steel. Capacity 1200 ML. Both functional and elegant in design, it complements any table setting. The lid has a convenient large opening push button for easy filling and cleaning. The handle made of PP has a natural wood finish. Easy to grip and pour. This vacuum jug keeps drinks hot for up to 6 hours and cold for up to 24 hours. Hand wash only. Not microwave safe. RCS certified by the Recycled Claim Standard (RCS) ensures that the entire recycled content supply chain is certified. The total recycled content is based on the total weight of the product. This product contains 62% RCS certified recycled stainless steel.<\/p>","protected":false},"excerpt":{"rendered":"<p>Hoidke oma jooki soojas v\u00f5i k\u00fclmas selle stiilse vaakumkannuga, mis on valmistatud RCS-sertifikaadiga taaskasutatud roostevabast terasest. Mahutavus 1200 ML. Nii funktsionaalne kui ka elegantse disainiga see t\u00e4iendab iga lauakatet. Kaanel on mugav suure avaga vajutusnupp, mis h\u00f5lbustab t\u00e4itmist ja puhastamist. PP-st valmistatud k\u00e4epide on naturaalse puiduga. Lihtne haarata ja v\u00e4lja valada. See vaakumkann hoiab jooke [&hellip;]<\/p>\n","protected":false},"featured_media":40645,"template":"","meta":{"_acf_changed":false},"product_brand":[],"product_cat":[566,599],"product_tag":[659],"class_list":{"0":"post-40620","1":"product","2":"type-product","3":"status-publish","4":"has-post-thumbnail","6":"product_cat-jooginoud","7":"product_cat-tassid","8":"product_tag-more-colors","9":"pa_varv-beez","10":"pa_varv-must","12":"first","13":"instock","14":"taxable","15":"shipping-taxable","16":"purchasable","17":"product-type-variable","18":"has-default-attributes"},"acf":[],"_links":{"self":[{"href":"https:\/\/fifaa.ee\/en\/wp-json\/wp\/v2\/product\/40620","targetHints":{"allow":["GET"]}}],"collection":[{"href":"https:\/\/fifaa.ee\/en\/wp-json\/wp\/v2\/product"}],"about":[{"href":"https:\/\/fifaa.ee\/en\/wp-json\/wp\/v2\/types\/product"}],"wp:featuredmedia":[{"embeddable":true,"href":"https:\/\/fifaa.ee\/en\/wp-json\/wp\/v2\/media\/40645"}],"wp:attachment":[{"href":"https:\/\/fifaa.ee\/en\/wp-json\/wp\/v2\/media?parent=40620"}],"wp:term":[{"taxonomy":"product_brand","embeddable":true,"href":"https:\/\/fifaa.ee\/en\/wp-json\/wp\/v2\/product_brand?post=40620"},{"taxonomy":"product_cat","embeddable":true,"href":"https:\/\/fifaa.ee\/en\/wp-json\/wp\/v2\/product_cat?post=40620"},{"taxonomy":"product_tag","embeddable":true,"href":"https:\/\/fifaa.ee\/en\/wp-json\/wp\/v2\/product_tag?post=40620"}],"curies":[{"name":"wp","href":"https:\/\/api.w.org\/{rel}","templated":true}]}}