{"id":40621,"date":"2025-01-28T17:39:51","date_gmt":"2025-01-28T15:39:51","guid":{"rendered":"https:\/\/fifaa.ee\/?post_type=product&#038;p=40621"},"modified":"2026-04-01T20:42:07","modified_gmt":"2026-04-01T17:42:07","slug":"vinga-erie-rcs-terasest-vaakumpudel-450-ml","status":"publish","type":"product","link":"https:\/\/fifaa.ee\/en\/product\/vinga-erie-rcs-terasest-vaakumpudel-450-ml\/","title":{"rendered":"VINGA Erie RCS steel vacuum bottle 450 ML"},"content":{"rendered":"<p>A thoughtfully designed drinking vessel with a unique cone shape and a grip-friendly lid for easy handling. Crafted with meticulous attention to detail, this item combines both form and function. The double-walled recycled stainless steel vacuum construction ensures drinks stay cold for up to 15 hours or hot for up to 6 hours. Our RCS-certified recycled steel body highlights our commitment to responsible sourcing, with 75%\u2019s recycled content based on the total weight of the product. RCS certification ensures a fully certified supply chain of recycled materials. Includes FSC\u00ae-certified kraft packaging.<\/p>","protected":false},"excerpt":{"rendered":"<p>L\u00e4bim\u00f5eldult disainitud joogin\u00f5ud, millel on ainulaadne koonuse kuju ja haardes\u00f5bralik kaas, mis tagab lihtsa k\u00e4sitsemise. See ese, mis on valmistatud hoolikalt detailidele t\u00e4helepanu p\u00f6\u00f6rates, \u00fchendab endas nii vormi kui ka funktsiooni. Kahekordse seinaga taaskasutatud roostevabast terasest vaakumkonstruktsioon tagab, et joogid p\u00fcsivad jahedana kuni 15 tundi v\u00f5i soojana kuni 6 tundi. Meie RCS-sertifikaadiga taaskasutatud terasest korpus [&hellip;]<\/p>\n","protected":false},"featured_media":40649,"template":"","meta":{"_acf_changed":false},"product_brand":[],"product_cat":[566,629],"product_tag":[659],"class_list":{"0":"post-40621","1":"product","2":"type-product","3":"status-publish","4":"has-post-thumbnail","6":"product_cat-jooginoud","7":"product_cat-termoskruusid","8":"product_tag-more-colors","9":"pa_varv-hall","10":"pa_varv-must","11":"pa_varv-roheline","12":"pa_varv-sinine","13":"pa_varv-valge-new","15":"first","16":"instock","17":"taxable","18":"shipping-taxable","19":"purchasable","20":"product-type-variable","21":"has-default-attributes"},"acf":[],"_links":{"self":[{"href":"https:\/\/fifaa.ee\/en\/wp-json\/wp\/v2\/product\/40621","targetHints":{"allow":["GET"]}}],"collection":[{"href":"https:\/\/fifaa.ee\/en\/wp-json\/wp\/v2\/product"}],"about":[{"href":"https:\/\/fifaa.ee\/en\/wp-json\/wp\/v2\/types\/product"}],"wp:featuredmedia":[{"embeddable":true,"href":"https:\/\/fifaa.ee\/en\/wp-json\/wp\/v2\/media\/40649"}],"wp:attachment":[{"href":"https:\/\/fifaa.ee\/en\/wp-json\/wp\/v2\/media?parent=40621"}],"wp:term":[{"taxonomy":"product_brand","embeddable":true,"href":"https:\/\/fifaa.ee\/en\/wp-json\/wp\/v2\/product_brand?post=40621"},{"taxonomy":"product_cat","embeddable":true,"href":"https:\/\/fifaa.ee\/en\/wp-json\/wp\/v2\/product_cat?post=40621"},{"taxonomy":"product_tag","embeddable":true,"href":"https:\/\/fifaa.ee\/en\/wp-json\/wp\/v2\/product_tag?post=40621"}],"curies":[{"name":"wp","href":"https:\/\/api.w.org\/{rel}","templated":true}]}}