{"id":40663,"date":"2025-01-28T17:40:18","date_gmt":"2025-01-28T15:40:18","guid":{"rendered":"https:\/\/fifaa.ee\/?post_type=product&#038;p=40663"},"modified":"2026-04-01T20:44:12","modified_gmt":"2026-04-01T17:44:12","slug":"vinga-eos-trek-rcs-taaskasutatud-ss-880-ml","status":"publish","type":"product","link":"https:\/\/fifaa.ee\/en\/product\/vinga-eos-trek-rcs-taaskasutatud-ss-880-ml\/","title":{"rendered":"VINGA Eos trek RCS recycled SS 880 ML"},"content":{"rendered":"<p>This recycled stainless steel vacuum bottle has a modern design that combines functionality with style. With a large 880 ml capacity, it is perfect for all-day hydration on your daily adventures. The bottle has a functional handle for easy carrying and the lid has two drink options. The double-walled insulation keeps your drink cold for up to 16 hours and hot for up to 3 hours, ensuring you stay fresh throughout your trip. Leak-proof. Not dishwasher or microwave safe, hand wash only. FSC\u00ae-certified kraft packaging included. RCS (Recycled Claim Standard) certified RCS certification ensures that the entire recycled content supply chain is certified. Total recycled content is based on the total weight of the product. This product contains 65% RCS-certified recycled stainless steel.<\/p>","protected":false},"excerpt":{"rendered":"<p>Sellel taaskasutatud roostevabast terasest vaakumpudelil on kaasaegne disain, mis \u00fchendab funktsionaalsuse stiiliga. Suure 880 ml mahutavusega sobib see suurep\u00e4raselt kogu p\u00e4evaks niisutuseks teie igap\u00e4evastel seiklustel. Pudelil on kaasaskandmise h\u00f5lbustamiseks funktsionaalne k\u00e4epide ja kaanel on kaks jookide v\u00f5tmise v\u00f5imalust. Kahekordse seinaga isolatsioon hoiab teie joogi k\u00fclmana kuni 16 tundi ja kuumana kuni 3 tundi, tagades, et [&hellip;]<\/p>\n","protected":false},"featured_media":40711,"template":"","meta":{"_acf_changed":false},"product_brand":[],"product_cat":[566,599],"product_tag":[659],"class_list":{"0":"post-40663","1":"product","2":"type-product","3":"status-publish","4":"has-post-thumbnail","6":"product_cat-jooginoud","7":"product_cat-tassid","8":"product_tag-more-colors","9":"pa_varv-hall","10":"pa_varv-must","11":"pa_varv-oranz","12":"pa_varv-roheline","13":"pa_varv-sinine","14":"pa_varv-valge-new","16":"first","17":"instock","18":"taxable","19":"shipping-taxable","20":"purchasable","21":"product-type-variable","22":"has-default-attributes"},"acf":[],"_links":{"self":[{"href":"https:\/\/fifaa.ee\/en\/wp-json\/wp\/v2\/product\/40663","targetHints":{"allow":["GET"]}}],"collection":[{"href":"https:\/\/fifaa.ee\/en\/wp-json\/wp\/v2\/product"}],"about":[{"href":"https:\/\/fifaa.ee\/en\/wp-json\/wp\/v2\/types\/product"}],"wp:featuredmedia":[{"embeddable":true,"href":"https:\/\/fifaa.ee\/en\/wp-json\/wp\/v2\/media\/40711"}],"wp:attachment":[{"href":"https:\/\/fifaa.ee\/en\/wp-json\/wp\/v2\/media?parent=40663"}],"wp:term":[{"taxonomy":"product_brand","embeddable":true,"href":"https:\/\/fifaa.ee\/en\/wp-json\/wp\/v2\/product_brand?post=40663"},{"taxonomy":"product_cat","embeddable":true,"href":"https:\/\/fifaa.ee\/en\/wp-json\/wp\/v2\/product_cat?post=40663"},{"taxonomy":"product_tag","embeddable":true,"href":"https:\/\/fifaa.ee\/en\/wp-json\/wp\/v2\/product_tag?post=40663"}],"curies":[{"name":"wp","href":"https:\/\/api.w.org\/{rel}","templated":true}]}}