{"id":40702,"date":"2025-01-28T17:40:39","date_gmt":"2025-01-28T15:40:39","guid":{"rendered":"https:\/\/fifaa.ee\/?post_type=product&#038;p=40702"},"modified":"2026-04-01T20:44:36","modified_gmt":"2026-04-01T17:44:36","slug":"vinga-eos-voyager-rcs-taaskasutatud-ss-800ml","status":"publish","type":"product","link":"https:\/\/fifaa.ee\/en\/product\/vinga-eos-voyager-rcs-taaskasutatud-ss-800ml\/","title":{"rendered":"VINGA Eos voyager RCS recycled SS 800ml"},"content":{"rendered":"<p>An elegant and durable vacuum flask made from recycled stainless steel. With a stylish design and a comfortable metal handle and straw, the bottle is not just a hydration companion, but also for your daily adventures. Whether you&#039;re commuting, running errands or exploring the outdoors, the Eos Voyager is your perfect companion. Double-wall insulation keeps your drink cold for up to 24 hours and hot for up to 6 hours, ensuring you stay fresh throughout your journey. Leak-proof. Not dishwasher or microwave safe, hand wash only. FSC\u00ae-certified kraft packaging included. RCS (Recycled Claim Standard) certified RCS certification ensures that the entire recycled content supply chain is certified. Total recycled content is based on the total weight of the product. This product contains 80% RCS-certified recycled stainless steel.<\/p>","protected":false},"excerpt":{"rendered":"<p>Elegantne ja vastupidav vaakumpudel, mis on valmistatud taaskasutatud roostevabast terasest. Stiilse disaini ja mugava metallist k\u00e4epideme ning k\u00f5rrega pudel ei ole lihtsalt niisutuskaaslane, vaid ka teie igap\u00e4evasteks seiklusteks. \u00dcksk\u00f5ik, kas s\u00f5idate t\u00f6\u00f6le, ajate asju v\u00f5i avastate \u00f5ues, Eos Voyager on teie ideaalne kaaslane. Kahekordse seinaga isolatsioon hoiab teie joogi k\u00fclmana kuni 24 tundi ja kuumana [&hellip;]<\/p>\n","protected":false},"featured_media":40723,"template":"","meta":{"_acf_changed":false},"product_brand":[],"product_cat":[566,599],"product_tag":[659],"class_list":{"0":"post-40702","1":"product","2":"type-product","3":"status-publish","4":"has-post-thumbnail","6":"product_cat-jooginoud","7":"product_cat-tassid","8":"product_tag-more-colors","9":"pa_varv-hall","10":"pa_varv-must","11":"pa_varv-oranz","12":"pa_varv-roheline","13":"pa_varv-sinine","14":"pa_varv-valge-new","16":"first","17":"instock","18":"taxable","19":"shipping-taxable","20":"purchasable","21":"product-type-variable","22":"has-default-attributes"},"acf":[],"_links":{"self":[{"href":"https:\/\/fifaa.ee\/en\/wp-json\/wp\/v2\/product\/40702","targetHints":{"allow":["GET"]}}],"collection":[{"href":"https:\/\/fifaa.ee\/en\/wp-json\/wp\/v2\/product"}],"about":[{"href":"https:\/\/fifaa.ee\/en\/wp-json\/wp\/v2\/types\/product"}],"wp:featuredmedia":[{"embeddable":true,"href":"https:\/\/fifaa.ee\/en\/wp-json\/wp\/v2\/media\/40723"}],"wp:attachment":[{"href":"https:\/\/fifaa.ee\/en\/wp-json\/wp\/v2\/media?parent=40702"}],"wp:term":[{"taxonomy":"product_brand","embeddable":true,"href":"https:\/\/fifaa.ee\/en\/wp-json\/wp\/v2\/product_brand?post=40702"},{"taxonomy":"product_cat","embeddable":true,"href":"https:\/\/fifaa.ee\/en\/wp-json\/wp\/v2\/product_cat?post=40702"},{"taxonomy":"product_tag","embeddable":true,"href":"https:\/\/fifaa.ee\/en\/wp-json\/wp\/v2\/product_tag?post=40702"}],"curies":[{"name":"wp","href":"https:\/\/api.w.org\/{rel}","templated":true}]}}