{"id":40703,"date":"2025-01-28T17:40:39","date_gmt":"2025-01-28T15:40:39","guid":{"rendered":"https:\/\/fifaa.ee\/?post_type=product&#038;p=40703"},"modified":"2026-04-01T20:45:00","modified_gmt":"2026-04-01T17:45:00","slug":"vinga-erie-rcs-taaskasutatud-ss-toukekruus-350-ml","status":"publish","type":"product","link":"https:\/\/fifaa.ee\/en\/product\/vinga-erie-rcs-taaskasutatud-ss-toukekruus-350-ml\/","title":{"rendered":"VINGA Erie RCS recycled SS push mug 350 ML"},"content":{"rendered":"<p>Made from recycled stainless steel, the Thermos Bottle is the ultimate on-the-go thermos bottle with a simple yet functional design that makes it the perfect companion for your daily adventures. Its innovative snap-on lid or practical button on the top allows for easy one-handed use. Erie ensures your drink stays cold for up to 15 hours or hot for up to 5 hours. Leak-proof. Not dishwasher or microwave safe, hand wash only. FSC\u00ae-certified kraft packaging included. RCS (Recycled Claim Standard) certified RCS certification ensures that the entire recycled content supply chain is certified. Total recycled content is based on the total weight of the product. This product contains 58% RCS-certified recycled stainless steel<\/p>","protected":false},"excerpt":{"rendered":"<p>Taaskasutatud roostevabast terasest valmistatud termospudel on liikvel olles parim termospudel, millel on lihtne, kuid funktsionaalne disain, mis muudab selle ideaalseks kaaslaseks teie igap\u00e4evasteks seiklusteks. Selle uuenduslik kl\u00f5psuga kaas v\u00f5i praktiline \u00fclaosas olev nupp v\u00f5imaldab lihtsat \u00fche k\u00e4ega kasutamist. Erie tagab, et teie jook p\u00fcsib k\u00fclmana kuni 15 tundi v\u00f5i kuumana kuni 5 tundi. Lekkekindel. Ei [&hellip;]<\/p>\n","protected":false},"featured_media":40735,"template":"","meta":{"_acf_changed":false},"product_brand":[],"product_cat":[566,599],"product_tag":[659],"class_list":{"0":"post-40703","1":"product","2":"type-product","3":"status-publish","4":"has-post-thumbnail","6":"product_cat-jooginoud","7":"product_cat-tassid","8":"product_tag-more-colors","9":"pa_varv-hall","10":"pa_varv-must","11":"pa_varv-roheline","12":"pa_varv-sinine","13":"pa_varv-valge-new","15":"first","16":"instock","17":"taxable","18":"shipping-taxable","19":"purchasable","20":"product-type-variable","21":"has-default-attributes"},"acf":[],"_links":{"self":[{"href":"https:\/\/fifaa.ee\/en\/wp-json\/wp\/v2\/product\/40703","targetHints":{"allow":["GET"]}}],"collection":[{"href":"https:\/\/fifaa.ee\/en\/wp-json\/wp\/v2\/product"}],"about":[{"href":"https:\/\/fifaa.ee\/en\/wp-json\/wp\/v2\/types\/product"}],"wp:featuredmedia":[{"embeddable":true,"href":"https:\/\/fifaa.ee\/en\/wp-json\/wp\/v2\/media\/40735"}],"wp:attachment":[{"href":"https:\/\/fifaa.ee\/en\/wp-json\/wp\/v2\/media?parent=40703"}],"wp:term":[{"taxonomy":"product_brand","embeddable":true,"href":"https:\/\/fifaa.ee\/en\/wp-json\/wp\/v2\/product_brand?post=40703"},{"taxonomy":"product_cat","embeddable":true,"href":"https:\/\/fifaa.ee\/en\/wp-json\/wp\/v2\/product_cat?post=40703"},{"taxonomy":"product_tag","embeddable":true,"href":"https:\/\/fifaa.ee\/en\/wp-json\/wp\/v2\/product_tag?post=40703"}],"curies":[{"name":"wp","href":"https:\/\/api.w.org\/{rel}","templated":true}]}}