{"id":40704,"date":"2025-01-28T17:40:39","date_gmt":"2025-01-28T15:40:39","guid":{"rendered":"https:\/\/fifaa.ee\/?post_type=product&#038;p=40704"},"modified":"2026-04-01T20:45:24","modified_gmt":"2026-04-01T17:45:24","slug":"vinga-balti-rcs-taaskasutatud-lemmiklooma-pudel-600-ml","status":"publish","type":"product","link":"https:\/\/fifaa.ee\/en\/product\/vinga-balti-rcs-taaskasutatud-lemmiklooma-pudel-600-ml\/","title":{"rendered":"VINGA Balti RCS recycled pet bottle 600 ML"},"content":{"rendered":"<p>Enjoy the convenience of our one-handed drinkware, specially designed for cold drinks. The push-button top allows for easy use on the go. Made from recycled PET, this item contains a total of 63% of recycled content based on its total weight. This stylish and practical item is hand washable only and is suitable exclusively for cold drinks, making it ideal for everyday refreshment. FSC\u00ae-certified kraft packaging included.<\/p>","protected":false},"excerpt":{"rendered":"<p>Nautige meie \u00fche k\u00e4ega juhitavate joogin\u00f5ude mugavust, mis on spetsiaalselt loodud k\u00fclmade jookide jaoks. Nupuga \u00fclaosa v\u00f5imaldab h\u00f5lpsat kasutamist liikvel olles. See ringlussev\u00f5etud PET-st valmistatud ese sisaldab selle kogukaalu alusel kokku 63% taaskasutatud sisaldusest. See stiilne ja praktiline ese on ainult k\u00e4sitsi pestav ja sobib eranditult k\u00fclmade jookide jaoks, mist\u00f5ttu on see ideaalne igap\u00e4evaseks v\u00e4rskendamiseks. [&hellip;]<\/p>\n","protected":false},"featured_media":40752,"template":"","meta":{"_acf_changed":false},"product_brand":[],"product_cat":[566,567],"product_tag":[659],"class_list":{"0":"post-40704","1":"product","2":"type-product","3":"status-publish","4":"has-post-thumbnail","6":"product_cat-jooginoud","7":"product_cat-veepudelid","8":"product_tag-more-colors","9":"pa_varv-must","10":"pa_varv-roheline","11":"pa_varv-sinine","13":"first","14":"instock","15":"taxable","16":"shipping-taxable","17":"purchasable","18":"product-type-variable","19":"has-default-attributes"},"acf":[],"_links":{"self":[{"href":"https:\/\/fifaa.ee\/en\/wp-json\/wp\/v2\/product\/40704","targetHints":{"allow":["GET"]}}],"collection":[{"href":"https:\/\/fifaa.ee\/en\/wp-json\/wp\/v2\/product"}],"about":[{"href":"https:\/\/fifaa.ee\/en\/wp-json\/wp\/v2\/types\/product"}],"wp:featuredmedia":[{"embeddable":true,"href":"https:\/\/fifaa.ee\/en\/wp-json\/wp\/v2\/media\/40752"}],"wp:attachment":[{"href":"https:\/\/fifaa.ee\/en\/wp-json\/wp\/v2\/media?parent=40704"}],"wp:term":[{"taxonomy":"product_brand","embeddable":true,"href":"https:\/\/fifaa.ee\/en\/wp-json\/wp\/v2\/product_brand?post=40704"},{"taxonomy":"product_cat","embeddable":true,"href":"https:\/\/fifaa.ee\/en\/wp-json\/wp\/v2\/product_cat?post=40704"},{"taxonomy":"product_tag","embeddable":true,"href":"https:\/\/fifaa.ee\/en\/wp-json\/wp\/v2\/product_tag?post=40704"}],"curies":[{"name":"wp","href":"https:\/\/api.w.org\/{rel}","templated":true}]}}